{"id":12524,"date":"2022-12-13T11:30:14","date_gmt":"2022-12-13T10:30:14","guid":{"rendered":"https:\/\/www.landofmemory.eu\/our-common-heritage-die-wanderausstellung-von-land-of-memory\/"},"modified":"2024-01-17T10:56:09","modified_gmt":"2024-01-17T09:56:09","slug":"our-common-heritage-die-wanderausstellung-von-land-of-memory","status":"publish","type":"page","link":"https:\/\/www.landofmemory.eu\/de\/our-common-heritage-die-wanderausstellung-von-land-of-memory\/","title":{"rendered":"&#8222;Our Common Heritage&#8220;: Die Wanderausstellung von Land of Memory"},"content":{"rendered":"\n<h2 class=\"wp-block-heading\">Unsere Geschichte erleben: eine immersive und partizipative Erfahrung<\/h2>\n\n<p>Das sind die Ziele der Ausstellung, die dazu einl\u00e4dt, sich intensiv mit den bedeutenden Ereignissen des 20. Jahrhunderts, die f\u00fcr die Entstehung der Europ\u00e4ischen Union pr\u00e4gend waren, zu befassen.<\/p>\n\n<p>&#8222;Our Common Heritage&#8220; zeichnet somit das Leben der Bev\u00f6lkerung in den grenz\u00fcberschreitenden Gebieten von der Belle Epoque bis zur Gr\u00fcndung Europas nach. <\/p>\n\n<p>Diese wechselseitige Lekt\u00fcre unserer Geschichte in der Gro\u00dfregion ist neu und originell.<\/p>\n\n<p>Riesige Fotoalben geben den Besuchern einen internationalen historischen Bezugspunkt, bevor sie das zivile und milit\u00e4rische Leben in der Gro\u00dfregion im Laufe der Jahrzehnte bezeugen und dabei unsere Gemeinsamkeiten und Unterschiede hervorheben.<\/p>\n\n<p>Das immersive Erlebnis, das in einem umgebauten Container angeboten wird, macht Platz f\u00fcr starke Emotionen dank der Klang- und Bildwelt, die f\u00fcr diese au\u00dfergew\u00f6hnliche historische Retrospektive geschaffen wurde.<\/p>\n<div class=\"wp-block-image\">\n<figure class=\"aligncenter size-large is-resized\"><img loading=\"lazy\" decoding=\"async\" width=\"1024\" height=\"576\" src=\"https:\/\/www.landofmemory.eu\/wp-content\/uploads\/2022\/12\/Our-Common-Heritage-1024x576.jpg\" alt=\"\" class=\"wp-image-12420\" style=\"width:768px;height:432px\" srcset=\"https:\/\/www.landofmemory.eu\/wp-content\/uploads\/2022\/12\/Our-Common-Heritage-1024x576.jpg 1024w, https:\/\/www.landofmemory.eu\/wp-content\/uploads\/2022\/12\/Our-Common-Heritage-300x169.jpg 300w, https:\/\/www.landofmemory.eu\/wp-content\/uploads\/2022\/12\/Our-Common-Heritage-768x432.jpg 768w, https:\/\/www.landofmemory.eu\/wp-content\/uploads\/2022\/12\/Our-Common-Heritage-1536x864.jpg 1536w, https:\/\/www.landofmemory.eu\/wp-content\/uploads\/2022\/12\/Our-Common-Heritage-2048x1152.jpg 2048w, https:\/\/www.landofmemory.eu\/wp-content\/uploads\/2022\/12\/Our-Common-Heritage-600x338.jpg 600w\" sizes=\"auto, (max-width: 1024px) 100vw, 1024px\" \/><figcaption class=\"wp-element-caption\">@ Land of Memory<\/figcaption><\/figure>\n<\/div>\n<h2 class=\"wp-block-heading\">Letzte Etappe der Ausstellung <\/h2>\n\n<p>Die Open-Air Ausstellung ist dauerhaft in Boulaide zu sehen.&#013;\n&#013;\nVor dem Rathaus hat man freien Zugang zu \u201eOur Common Heritage\u201c.&#013;\n&#013;\nSie ist von montags bis freitags von 10.00 bis 17.00 Uhr, sowie samstags und sonntags von 10.00 bis 18.00 Uhr ge\u00f6ffnet.&#013;\n&#013;\nAdresse: 3, rue de la Mairie L-9640 Boulaide<\/p>\n<div class=\"wp-block-image\">\n<figure class=\"aligncenter size-large is-resized\"><img loading=\"lazy\" decoding=\"async\" width=\"1024\" height=\"576\" src=\"https:\/\/www.landofmemory.eu\/wp-content\/uploads\/2022\/12\/RemoteMediaFile_6553787_0_2021_06_18_11_24_42_Original-1024x576.jpg\" alt=\"\" class=\"wp-image-12476\" style=\"width:768px;height:432px\" srcset=\"https:\/\/www.landofmemory.eu\/wp-content\/uploads\/2022\/12\/RemoteMediaFile_6553787_0_2021_06_18_11_24_42_Original-1024x576.jpg 1024w, https:\/\/www.landofmemory.eu\/wp-content\/uploads\/2022\/12\/RemoteMediaFile_6553787_0_2021_06_18_11_24_42_Original-300x169.jpg 300w, https:\/\/www.landofmemory.eu\/wp-content\/uploads\/2022\/12\/RemoteMediaFile_6553787_0_2021_06_18_11_24_42_Original-768x432.jpg 768w, https:\/\/www.landofmemory.eu\/wp-content\/uploads\/2022\/12\/RemoteMediaFile_6553787_0_2021_06_18_11_24_42_Original-1536x864.jpg 1536w, https:\/\/www.landofmemory.eu\/wp-content\/uploads\/2022\/12\/RemoteMediaFile_6553787_0_2021_06_18_11_24_42_Original-2048x1152.jpg 2048w, https:\/\/www.landofmemory.eu\/wp-content\/uploads\/2022\/12\/RemoteMediaFile_6553787_0_2021_06_18_11_24_42_Original-600x338.jpg 600w\" sizes=\"auto, (max-width: 1024px) 100vw, 1024px\" \/><\/figure>\n<\/div>\n<h2 class=\"wp-block-heading\">Planen Sie Ihren Besuch: Praktische Informationen<\/h2>\n\n<p>An jeder Station wird die Wanderausstellung \u201eOur Common Heritage\u201c im Freien pr\u00e4sentiert. Sie besteht aus <strong>Ausstellungsmodulen in Form von 5 Fotoalben und einem immersiven Erlebnisbereich.<\/strong><\/p>\n\n<p>Dieser letzte Raum und diese riesigen Alben erg\u00e4nzen sich zu einem einzigartigen Besichtigungsparcours!<\/p>\n\n<p>Die Fotoalben bilden den K\u00f6rper der Szenografie und sind um einen Container herum angeordnet, der eine spektakul\u00e4re und immersive Dimension bietet. Durch Ton und Bild treten Sie in die Geschichte der Gro\u00dfregion ein, die in 5 gro\u00dfe Perioden unterteilt ist:<\/p>\n\n<p><strong>ALBUM 1: Vor 1914 \u2013 Belle Epoque<\/strong>&#013;\nVom Beginn des 20. Jahrhunderts bis zum Ausbruch des Krieges im August 1914.<\/p>\n\n<p><strong>ALBUM 2: 1914-1918 \u2013 Erster Weltkrieg<\/strong>&#013;\nVom 4. August 1914 bis zum Waffenstillstand vom 11. November 1918.<\/p>\n\n<p><strong>ALBUM 3: 1918-1939 \u2013 Zwischenkriegszeit<\/strong>&#013;\nVom 11. November 1918 bis 1. September 1939 (Invasion der deutschen Armee in Polen).<\/p>\n\n<p><strong>ALBUM 4: 1939-1945 \u2013 Zweiter Weltkrieg<\/strong>&#013;\nVom 1. September 1939 bis 8. Mai 1945 (Kapitulation Deutschlands).<\/p>\n\n<p><strong>ALBUM 5: Nach 1945 \u2013 Europa des Friedens<\/strong>&#013;\nVom 8. Mai 1945 bis zu den ersten europ\u00e4ischen Vertr\u00e4gen<\/p>\n\n<p><strong>Der Eintritt ist frei. Der Zugang ist barrierefrei.<\/strong><\/p>\n\n<p>Ein <a href=\"https:\/\/www.landofmemory.eu\/wp-content\/uploads\/2024\/01\/Depliant-A5-Expo-Our-common-heritage-DE-def_LOW.pdf\" target=\"_blank\" rel=\"noopener\"><strong>Quiz<\/strong><\/a>, das Ihren Entdeckungsdrang bei Ihrem Besuch der Ausstellung anstachelt, finden Sie hier.<\/p>\n\n<figure class=\"wp-block-gallery has-nested-images columns-default is-cropped wp-block-gallery-1 is-layout-flex wp-block-gallery-is-layout-flex\">\n<figure class=\"wp-block-image size-large\"><img loading=\"lazy\" decoding=\"async\" width=\"684\" height=\"1024\" data-id=\"12436\" src=\"https:\/\/www.landofmemory.eu\/wp-content\/uploads\/2022\/12\/DSC_6915_Original-684x1024.jpg\" alt=\"\" class=\"wp-image-12436\" srcset=\"https:\/\/www.landofmemory.eu\/wp-content\/uploads\/2022\/12\/DSC_6915_Original-684x1024.jpg 684w, https:\/\/www.landofmemory.eu\/wp-content\/uploads\/2022\/12\/DSC_6915_Original-200x300.jpg 200w, https:\/\/www.landofmemory.eu\/wp-content\/uploads\/2022\/12\/DSC_6915_Original-768x1150.jpg 768w, https:\/\/www.landofmemory.eu\/wp-content\/uploads\/2022\/12\/DSC_6915_Original-1025x1536.jpg 1025w, https:\/\/www.landofmemory.eu\/wp-content\/uploads\/2022\/12\/DSC_6915_Original-1367x2048.jpg 1367w, https:\/\/www.landofmemory.eu\/wp-content\/uploads\/2022\/12\/DSC_6915_Original-scaled.jpg 1709w\" sizes=\"auto, (max-width: 684px) 100vw, 684px\" \/><figcaption class=\"wp-element-caption\">@ Land of Memory<\/figcaption><\/figure>\n\n\n\n<figure class=\"wp-block-image size-large\"><img loading=\"lazy\" decoding=\"async\" width=\"684\" height=\"1024\" data-id=\"12440\" src=\"https:\/\/www.landofmemory.eu\/wp-content\/uploads\/2022\/12\/DSC_6946_Original-684x1024.jpg\" alt=\"\" class=\"wp-image-12440\" srcset=\"https:\/\/www.landofmemory.eu\/wp-content\/uploads\/2022\/12\/DSC_6946_Original-684x1024.jpg 684w, https:\/\/www.landofmemory.eu\/wp-content\/uploads\/2022\/12\/DSC_6946_Original-200x300.jpg 200w, https:\/\/www.landofmemory.eu\/wp-content\/uploads\/2022\/12\/DSC_6946_Original-768x1150.jpg 768w, https:\/\/www.landofmemory.eu\/wp-content\/uploads\/2022\/12\/DSC_6946_Original-1025x1536.jpg 1025w, https:\/\/www.landofmemory.eu\/wp-content\/uploads\/2022\/12\/DSC_6946_Original-1367x2048.jpg 1367w, https:\/\/www.landofmemory.eu\/wp-content\/uploads\/2022\/12\/DSC_6946_Original-scaled.jpg 1709w\" sizes=\"auto, (max-width: 684px) 100vw, 684px\" \/><figcaption class=\"wp-element-caption\">@ Land of Memory<\/figcaption><\/figure>\n<\/figure>\n\n<h2 class=\"wp-block-heading\">Ein Leitfaden f\u00fcr Lehrer<\/h2>\n\n<p>Um den Lehrern bei der Vorbereitung ihrer Besuche dieser Wanderausstellung zu helfen, m\u00f6chten die Projektpartner ihnen einen <a href=\"https:\/\/naturparkschoul.lu\/uploads\/67878e734978d9b712b82476cacf4f781500aed2.pdf\" target=\"_blank\" rel=\"noreferrer noopener\"><strong>p\u00e4dagogischen Leitfaden<\/strong><\/a> zur Verf\u00fcgung stellen. Diesem sind <a href=\"https:\/\/naturparkschoul.lu\/uploads\/fc42cbb1b4f271e878ecaa6cabf5d562bab9cfd6.pdf\" target=\"_blank\" rel=\"noopener\"><strong>Frageb\u00f6gen<\/strong><\/a> beigef\u00fcgt, die den Sch\u00fclern zum Zeitpunkt des Besuchs ausgeh\u00e4ndigt werden k\u00f6nnen und die ihnen auf spielerische und partizipative Weise helfen sollen, die in der Ausstellung angesprochenen Themen zu verstehen.<\/p>\n\n<p>Wenn Sie diese Ausstellung in eine umfassendere Entdeckungsreise durch das Reiseziel integrieren m\u00f6chten, wenden Sie sich an die <a href=\"https:\/\/www.gruppen-landofmemory.eu\/?origine=switchLangue\" target=\"_blank\" rel=\"noopener\">Gruppenabteilung<\/a>! Land of Memory Groups organisiert ma\u00dfgeschneiderte Reisen, die jedem Budget und jedem Wunsch gerecht werden. Ein v\u00f6llig kostenloser Service!<\/p>\n\n<h3 class=\"wp-block-heading\">Auch andere Hilfsmittel k\u00f6nnen den p\u00e4dagogischen Ansatz unterst\u00fctzen und erg\u00e4nzen, um auf originelle und spielerische Weise zu lernen und in die Geschichte einzutauchen:<\/h3>\n\n<ul class=\"wp-block-list\">\n<li><a href=\"https:\/\/www.landofmemory.eu\/de\/beforethewar\/\" target=\"_blank\" rel=\"noopener\">&#8222;Before the War&#8220;<\/a>, das fesselnde Brettspiel von Land of Memory: die Spieler \u00fcbernehmen jeweils die F\u00fchrung eines europ\u00e4ischen Landes und m\u00fcssen Entscheidungen treffen und B\u00fcndnisse schlie\u00dfen. Das Gleichgewicht der Welt h\u00e4ngt davon ab. Dieses historische Strategie- und Managementspiel vermittelt ein besseres Verst\u00e4ndnis der Herausforderungen und Mechanismen, die mit Kriegen verbunden sind. Die Szenarien sind von realen historischen Situationen inspiriert.<\/li>\n<\/ul>\n<div class=\"wp-block-image\">\n<figure class=\"aligncenter size-full is-resized\"><a href=\"https:\/\/www.landofmemory.eu\/de\/beforethewar\/\" target=\"_blank\" rel=\"noreferrer noopener\"><img loading=\"lazy\" decoding=\"async\" width=\"600\" height=\"615\" src=\"https:\/\/www.landofmemory.eu\/wp-content\/uploads\/2022\/12\/Before-the-war-jeu-Land-of-Memory-1-600x615-1.png\" alt=\"\" class=\"wp-image-12470\" style=\"width:300px;height:308px\" srcset=\"https:\/\/www.landofmemory.eu\/wp-content\/uploads\/2022\/12\/Before-the-war-jeu-Land-of-Memory-1-600x615-1.png 600w, https:\/\/www.landofmemory.eu\/wp-content\/uploads\/2022\/12\/Before-the-war-jeu-Land-of-Memory-1-600x615-1-293x300.png 293w\" sizes=\"auto, (max-width: 600px) 100vw, 600px\" \/><\/a><\/figure>\n<\/div>\n<ul class=\"wp-block-list\">\n<li><a href=\"https:\/\/www.experience.landofmemory.eu\/de\" target=\"_blank\" rel=\"noopener\">Land of Memory mit einer Storytelling-Website erleben<\/a>: der Film zeigt die Reise von vier Filmstudenten und ihrer Lehrerin, die in die Fu\u00dfstapfen ihrer Vorfahren treten, durch das Gebiet Land of Memory. Wir tauchen in die Geschichte ein, indem wir uns mit ihren unterschiedlichen Sichtweisen auseinandersetzen, um die Ereignisse unserer Vergangenheit besser zu verstehen.<\/li>\n<\/ul>\n<div class=\"wp-block-image\">\n<figure class=\"aligncenter size-large is-resized\"><a href=\"https:\/\/www.experience.landofmemory.eu\/de#panneau-header\" target=\"_blank\" rel=\"noreferrer noopener\"><img loading=\"lazy\" decoding=\"async\" width=\"1024\" height=\"479\" src=\"https:\/\/www.landofmemory.eu\/wp-content\/uploads\/2022\/12\/Copie-de-LoM_persos.Preza_-1024x479.jpg\" alt=\"\" class=\"wp-image-12466\" style=\"width:512px;height:240px\" srcset=\"https:\/\/www.landofmemory.eu\/wp-content\/uploads\/2022\/12\/Copie-de-LoM_persos.Preza_-1024x479.jpg 1024w, https:\/\/www.landofmemory.eu\/wp-content\/uploads\/2022\/12\/Copie-de-LoM_persos.Preza_-300x140.jpg 300w, https:\/\/www.landofmemory.eu\/wp-content\/uploads\/2022\/12\/Copie-de-LoM_persos.Preza_-768x359.jpg 768w, https:\/\/www.landofmemory.eu\/wp-content\/uploads\/2022\/12\/Copie-de-LoM_persos.Preza_-1536x718.jpg 1536w, https:\/\/www.landofmemory.eu\/wp-content\/uploads\/2022\/12\/Copie-de-LoM_persos.Preza_-600x280.jpg 600w, https:\/\/www.landofmemory.eu\/wp-content\/uploads\/2022\/12\/Copie-de-LoM_persos.Preza_.jpg 1900w\" sizes=\"auto, (max-width: 1024px) 100vw, 1024px\" \/><\/a><\/figure>\n<\/div>\n<p><a href=\"https:\/\/www.landofmemory.eu\/de\/our-common-heritage-impressum-quellen-partner-der-ausstellung\/\" target=\"_blank\" rel=\"noopener\">IMPRESSUM, QUELLEN &amp; PARTNER DER AUSSTELLUNG<\/a><\/p>\n\n<figure class=\"wp-block-image size-large\"><a href=\"https:\/\/1933-1945.land-of-memory.eu\/fr\/\"><img loading=\"lazy\" decoding=\"async\" width=\"1024\" height=\"283\" src=\"https:\/\/www.landofmemory.eu\/wp-content\/uploads\/2023\/08\/Zeichenflache-1-Kopie-2@FR-1024x283.png\" alt=\"\" class=\"wp-image-12725\" srcset=\"https:\/\/www.landofmemory.eu\/wp-content\/uploads\/2023\/08\/Zeichenflache-1-Kopie-2@FR-1024x283.png 1024w, https:\/\/www.landofmemory.eu\/wp-content\/uploads\/2023\/08\/Zeichenflache-1-Kopie-2@FR-300x83.png 300w, https:\/\/www.landofmemory.eu\/wp-content\/uploads\/2023\/08\/Zeichenflache-1-Kopie-2@FR-768x212.png 768w, https:\/\/www.landofmemory.eu\/wp-content\/uploads\/2023\/08\/Zeichenflache-1-Kopie-2@FR-600x166.png 600w, https:\/\/www.landofmemory.eu\/wp-content\/uploads\/2023\/08\/Zeichenflache-1-Kopie-2@FR.png 1345w\" sizes=\"auto, (max-width: 1024px) 100vw, 1024px\" \/><\/a><\/figure>\n","protected":false},"excerpt":{"rendered":"<p>Unsere Geschichte erleben: eine immersive und partizipative Erfahrung Das sind die Ziele der Ausstellung, die dazu einl\u00e4dt, sich intensiv mit den bedeutenden Ereignissen des 20. Jahrhunderts, die f\u00fcr die Entstehung der Europ\u00e4ischen Union pr\u00e4gend waren, zu befassen. &#8222;Our Common Heritage&#8220; zeichnet somit das Leben der Bev\u00f6lkerung in den grenz\u00fcberschreitenden Gebieten von der Belle Epoque bis [&hellip;]<\/p>\n","protected":false},"author":6,"featured_media":12423,"parent":0,"menu_order":0,"comment_status":"closed","ping_status":"closed","template":"page-courante.php","meta":{"_acf_changed":false,"footnotes":""},"class_list":["post-12524","page","type-page","status-publish","has-post-thumbnail","hentry"],"acf":[],"yoast_head":"<!-- This site is optimized with the Yoast SEO plugin v26.0 - https:\/\/yoast.com\/wordpress\/plugins\/seo\/ -->\n<title>&quot;Our Common Heritage&quot;: Die Wanderausstellung von Land of Memory<\/title>\n<meta name=\"description\" content=\"Die Wanderausstellung &quot;Our Common Heritage&quot; befasst sich auf originelle und v\u00f6llig neue Weise mit der Geschichte.\" \/>\n<meta name=\"robots\" content=\"index, follow, max-snippet:-1, max-image-preview:large, max-video-preview:-1\" \/>\n<link rel=\"canonical\" href=\"https:\/\/www.landofmemory.eu\/de\/our-common-heritage-die-wanderausstellung-von-land-of-memory\/\" \/>\n<meta property=\"og:locale\" content=\"de_DE\" \/>\n<meta property=\"og:type\" content=\"article\" \/>\n<meta property=\"og:title\" content=\"&quot;Our Common Heritage&quot;: Die Wanderausstellung von Land of Memory\" \/>\n<meta property=\"og:description\" content=\"Die Wanderausstellung &quot;Our Common Heritage&quot; befasst sich auf originelle und v\u00f6llig neue Weise mit der Geschichte.\" \/>\n<meta property=\"og:url\" content=\"https:\/\/www.landofmemory.eu\/de\/our-common-heritage-die-wanderausstellung-von-land-of-memory\/\" \/>\n<meta property=\"og:site_name\" content=\"Land Of Memory\" \/>\n<meta property=\"article:publisher\" content=\"https:\/\/www.facebook.com\/landofmemory.eu\" \/>\n<meta property=\"article:modified_time\" content=\"2024-01-17T09:56:09+00:00\" \/>\n<meta property=\"og:image\" content=\"https:\/\/www.landofmemory.eu\/wp-content\/uploads\/2022\/12\/Our-Common-Heritage-scaled.jpg\" \/>\n\t<meta property=\"og:image:width\" content=\"2560\" \/>\n\t<meta property=\"og:image:height\" content=\"1440\" \/>\n\t<meta property=\"og:image:type\" content=\"image\/jpeg\" \/>\n<meta name=\"twitter:card\" content=\"summary_large_image\" \/>\n<meta name=\"twitter:label1\" content=\"Gesch\u00e4tzte Lesezeit\" \/>\n\t<meta name=\"twitter:data1\" content=\"3\u00a0Minuten\" \/>\n<script type=\"application\/ld+json\" class=\"yoast-schema-graph\">{\"@context\":\"https:\/\/schema.org\",\"@graph\":[{\"@type\":\"WebPage\",\"@id\":\"https:\/\/www.landofmemory.eu\/de\/our-common-heritage-die-wanderausstellung-von-land-of-memory\/\",\"url\":\"https:\/\/www.landofmemory.eu\/de\/our-common-heritage-die-wanderausstellung-von-land-of-memory\/\",\"name\":\"\\\"Our Common Heritage\\\": Die Wanderausstellung von Land of Memory\",\"isPartOf\":{\"@id\":\"https:\/\/www.landofmemory.eu\/#website\"},\"primaryImageOfPage\":{\"@id\":\"https:\/\/www.landofmemory.eu\/de\/our-common-heritage-die-wanderausstellung-von-land-of-memory\/#primaryimage\"},\"image\":{\"@id\":\"https:\/\/www.landofmemory.eu\/de\/our-common-heritage-die-wanderausstellung-von-land-of-memory\/#primaryimage\"},\"thumbnailUrl\":\"https:\/\/www.landofmemory.eu\/wp-content\/uploads\/2022\/12\/Our-Common-Heritage-scaled.jpg\",\"datePublished\":\"2022-12-13T10:30:14+00:00\",\"dateModified\":\"2024-01-17T09:56:09+00:00\",\"description\":\"Die Wanderausstellung \\\"Our Common Heritage\\\" befasst sich auf originelle und v\u00f6llig neue Weise mit der Geschichte.\",\"breadcrumb\":{\"@id\":\"https:\/\/www.landofmemory.eu\/de\/our-common-heritage-die-wanderausstellung-von-land-of-memory\/#breadcrumb\"},\"inLanguage\":\"de\",\"potentialAction\":[{\"@type\":\"ReadAction\",\"target\":[\"https:\/\/www.landofmemory.eu\/de\/our-common-heritage-die-wanderausstellung-von-land-of-memory\/\"]}]},{\"@type\":\"ImageObject\",\"inLanguage\":\"de\",\"@id\":\"https:\/\/www.landofmemory.eu\/de\/our-common-heritage-die-wanderausstellung-von-land-of-memory\/#primaryimage\",\"url\":\"https:\/\/www.landofmemory.eu\/wp-content\/uploads\/2022\/12\/Our-Common-Heritage-scaled.jpg\",\"contentUrl\":\"https:\/\/www.landofmemory.eu\/wp-content\/uploads\/2022\/12\/Our-Common-Heritage-scaled.jpg\",\"width\":2560,\"height\":1440},{\"@type\":\"BreadcrumbList\",\"@id\":\"https:\/\/www.landofmemory.eu\/de\/our-common-heritage-die-wanderausstellung-von-land-of-memory\/#breadcrumb\",\"itemListElement\":[{\"@type\":\"ListItem\",\"position\":1,\"name\":\"Accueil\",\"item\":\"https:\/\/www.landofmemory.eu\/\"},{\"@type\":\"ListItem\",\"position\":2,\"name\":\"&#8222;Our Common Heritage&#8220;: Die Wanderausstellung von Land of Memory\"}]},{\"@type\":\"WebSite\",\"@id\":\"https:\/\/www.landofmemory.eu\/#website\",\"url\":\"https:\/\/www.landofmemory.eu\/\",\"name\":\"Land Of Memory\",\"description\":\"L&#039;histoire commence ici\",\"publisher\":{\"@id\":\"https:\/\/www.landofmemory.eu\/#organization\"},\"potentialAction\":[{\"@type\":\"SearchAction\",\"target\":{\"@type\":\"EntryPoint\",\"urlTemplate\":\"https:\/\/www.landofmemory.eu\/?s={search_term_string}\"},\"query-input\":{\"@type\":\"PropertyValueSpecification\",\"valueRequired\":true,\"valueName\":\"search_term_string\"}}],\"inLanguage\":\"de\"},{\"@type\":\"Organization\",\"@id\":\"https:\/\/www.landofmemory.eu\/#organization\",\"name\":\"Land Of Memory\",\"url\":\"https:\/\/www.landofmemory.eu\/\",\"logo\":{\"@type\":\"ImageObject\",\"inLanguage\":\"de\",\"@id\":\"https:\/\/www.landofmemory.eu\/#\/schema\/logo\/image\/\",\"url\":\"https:\/\/www.landofmemory.eu\/wp-content\/uploads\/2022\/10\/logo-land-of-memory.jpg\",\"contentUrl\":\"https:\/\/www.landofmemory.eu\/wp-content\/uploads\/2022\/10\/logo-land-of-memory.jpg\",\"width\":1000,\"height\":500,\"caption\":\"Land Of Memory\"},\"image\":{\"@id\":\"https:\/\/www.landofmemory.eu\/#\/schema\/logo\/image\/\"},\"sameAs\":[\"https:\/\/www.facebook.com\/landofmemory.eu\",\"https:\/\/www.instagram.com\/landofmemory_eu\/\"]}]}<\/script>\n<!-- \/ Yoast SEO plugin. -->","yoast_head_json":{"title":"\"Our Common Heritage\": Die Wanderausstellung von Land of Memory","description":"Die Wanderausstellung \"Our Common Heritage\" befasst sich auf originelle und v\u00f6llig neue Weise mit der Geschichte.","robots":{"index":"index","follow":"follow","max-snippet":"max-snippet:-1","max-image-preview":"max-image-preview:large","max-video-preview":"max-video-preview:-1"},"canonical":"https:\/\/www.landofmemory.eu\/de\/our-common-heritage-die-wanderausstellung-von-land-of-memory\/","og_locale":"de_DE","og_type":"article","og_title":"\"Our Common Heritage\": Die Wanderausstellung von Land of Memory","og_description":"Die Wanderausstellung \"Our Common Heritage\" befasst sich auf originelle und v\u00f6llig neue Weise mit der Geschichte.","og_url":"https:\/\/www.landofmemory.eu\/de\/our-common-heritage-die-wanderausstellung-von-land-of-memory\/","og_site_name":"Land Of Memory","article_publisher":"https:\/\/www.facebook.com\/landofmemory.eu","article_modified_time":"2024-01-17T09:56:09+00:00","og_image":[{"width":2560,"height":1440,"url":"https:\/\/www.landofmemory.eu\/wp-content\/uploads\/2022\/12\/Our-Common-Heritage-scaled.jpg","type":"image\/jpeg"}],"twitter_card":"summary_large_image","twitter_misc":{"Gesch\u00e4tzte Lesezeit":"3\u00a0Minuten"},"schema":{"@context":"https:\/\/schema.org","@graph":[{"@type":"WebPage","@id":"https:\/\/www.landofmemory.eu\/de\/our-common-heritage-die-wanderausstellung-von-land-of-memory\/","url":"https:\/\/www.landofmemory.eu\/de\/our-common-heritage-die-wanderausstellung-von-land-of-memory\/","name":"\"Our Common Heritage\": Die Wanderausstellung von Land of Memory","isPartOf":{"@id":"https:\/\/www.landofmemory.eu\/#website"},"primaryImageOfPage":{"@id":"https:\/\/www.landofmemory.eu\/de\/our-common-heritage-die-wanderausstellung-von-land-of-memory\/#primaryimage"},"image":{"@id":"https:\/\/www.landofmemory.eu\/de\/our-common-heritage-die-wanderausstellung-von-land-of-memory\/#primaryimage"},"thumbnailUrl":"https:\/\/www.landofmemory.eu\/wp-content\/uploads\/2022\/12\/Our-Common-Heritage-scaled.jpg","datePublished":"2022-12-13T10:30:14+00:00","dateModified":"2024-01-17T09:56:09+00:00","description":"Die Wanderausstellung \"Our Common Heritage\" befasst sich auf originelle und v\u00f6llig neue Weise mit der Geschichte.","breadcrumb":{"@id":"https:\/\/www.landofmemory.eu\/de\/our-common-heritage-die-wanderausstellung-von-land-of-memory\/#breadcrumb"},"inLanguage":"de","potentialAction":[{"@type":"ReadAction","target":["https:\/\/www.landofmemory.eu\/de\/our-common-heritage-die-wanderausstellung-von-land-of-memory\/"]}]},{"@type":"ImageObject","inLanguage":"de","@id":"https:\/\/www.landofmemory.eu\/de\/our-common-heritage-die-wanderausstellung-von-land-of-memory\/#primaryimage","url":"https:\/\/www.landofmemory.eu\/wp-content\/uploads\/2022\/12\/Our-Common-Heritage-scaled.jpg","contentUrl":"https:\/\/www.landofmemory.eu\/wp-content\/uploads\/2022\/12\/Our-Common-Heritage-scaled.jpg","width":2560,"height":1440},{"@type":"BreadcrumbList","@id":"https:\/\/www.landofmemory.eu\/de\/our-common-heritage-die-wanderausstellung-von-land-of-memory\/#breadcrumb","itemListElement":[{"@type":"ListItem","position":1,"name":"Accueil","item":"https:\/\/www.landofmemory.eu\/"},{"@type":"ListItem","position":2,"name":"&#8222;Our Common Heritage&#8220;: Die Wanderausstellung von Land of Memory"}]},{"@type":"WebSite","@id":"https:\/\/www.landofmemory.eu\/#website","url":"https:\/\/www.landofmemory.eu\/","name":"Land Of Memory","description":"L&#039;histoire commence ici","publisher":{"@id":"https:\/\/www.landofmemory.eu\/#organization"},"potentialAction":[{"@type":"SearchAction","target":{"@type":"EntryPoint","urlTemplate":"https:\/\/www.landofmemory.eu\/?s={search_term_string}"},"query-input":{"@type":"PropertyValueSpecification","valueRequired":true,"valueName":"search_term_string"}}],"inLanguage":"de"},{"@type":"Organization","@id":"https:\/\/www.landofmemory.eu\/#organization","name":"Land Of Memory","url":"https:\/\/www.landofmemory.eu\/","logo":{"@type":"ImageObject","inLanguage":"de","@id":"https:\/\/www.landofmemory.eu\/#\/schema\/logo\/image\/","url":"https:\/\/www.landofmemory.eu\/wp-content\/uploads\/2022\/10\/logo-land-of-memory.jpg","contentUrl":"https:\/\/www.landofmemory.eu\/wp-content\/uploads\/2022\/10\/logo-land-of-memory.jpg","width":1000,"height":500,"caption":"Land Of Memory"},"image":{"@id":"https:\/\/www.landofmemory.eu\/#\/schema\/logo\/image\/"},"sameAs":["https:\/\/www.facebook.com\/landofmemory.eu","https:\/\/www.instagram.com\/landofmemory_eu\/"]}]}},"_links":{"self":[{"href":"https:\/\/www.landofmemory.eu\/de\/wp-json\/wp\/v2\/pages\/12524","targetHints":{"allow":["GET"]}}],"collection":[{"href":"https:\/\/www.landofmemory.eu\/de\/wp-json\/wp\/v2\/pages"}],"about":[{"href":"https:\/\/www.landofmemory.eu\/de\/wp-json\/wp\/v2\/types\/page"}],"author":[{"embeddable":true,"href":"https:\/\/www.landofmemory.eu\/de\/wp-json\/wp\/v2\/users\/6"}],"replies":[{"embeddable":true,"href":"https:\/\/www.landofmemory.eu\/de\/wp-json\/wp\/v2\/comments?post=12524"}],"version-history":[{"count":5,"href":"https:\/\/www.landofmemory.eu\/de\/wp-json\/wp\/v2\/pages\/12524\/revisions"}],"predecessor-version":[{"id":12792,"href":"https:\/\/www.landofmemory.eu\/de\/wp-json\/wp\/v2\/pages\/12524\/revisions\/12792"}],"wp:featuredmedia":[{"embeddable":true,"href":"https:\/\/www.landofmemory.eu\/de\/wp-json\/wp\/v2\/media\/12423"}],"wp:attachment":[{"href":"https:\/\/www.landofmemory.eu\/de\/wp-json\/wp\/v2\/media?parent=12524"}],"curies":[{"name":"wp","href":"https:\/\/api.w.org\/{rel}","templated":true}]}}