{"id":8450,"date":"2022-04-12T11:48:52","date_gmt":"2022-04-12T09:48:52","guid":{"rendered":"https:\/\/www.landofmemory.eu\/before-the-war\/"},"modified":"2023-02-02T09:23:31","modified_gmt":"2023-02-02T08:23:31","slug":"beforethewar","status":"publish","type":"page","link":"https:\/\/www.landofmemory.eu\/de\/beforethewar\/","title":{"rendered":"Before the war"},"content":{"rendered":"\n<p>&#8222;<strong>Before the War<\/strong>&#8220; ist ein <strong>uchronisches Brettspiel<\/strong>, das von der Firma <a href=\"https:\/\/www.n-zone.be\/en\" target=\"_blank\" rel=\"noopener\">N-Zone<\/a> auf Anfrage der Partner des grenz\u00fcberschreitenden Projekts Land of Memory (Interreg V Gro\u00dfregion) entwickelt wurde.<\/p>\n\n\n<div class=\"wp-block-image\">\n<figure class=\"aligncenter size-large is-resized\"><img loading=\"lazy\" decoding=\"async\" src=\"https:\/\/www.landofmemory.eu\/wp-content\/uploads\/2022\/10\/Before-the-war-jeu-Land-of-Memory-1-1000x1024.png\" alt=\"\" class=\"wp-image-12011\" width=\"500\" height=\"512\" srcset=\"https:\/\/www.landofmemory.eu\/wp-content\/uploads\/2022\/10\/Before-the-war-jeu-Land-of-Memory-1-1000x1024.png 1000w, https:\/\/www.landofmemory.eu\/wp-content\/uploads\/2022\/10\/Before-the-war-jeu-Land-of-Memory-1-293x300.png 293w, https:\/\/www.landofmemory.eu\/wp-content\/uploads\/2022\/10\/Before-the-war-jeu-Land-of-Memory-1-768x787.png 768w, https:\/\/www.landofmemory.eu\/wp-content\/uploads\/2022\/10\/Before-the-war-jeu-Land-of-Memory-1-1499x1536.png 1499w, https:\/\/www.landofmemory.eu\/wp-content\/uploads\/2022\/10\/Before-the-war-jeu-Land-of-Memory-1-1999x2048.png 1999w, https:\/\/www.landofmemory.eu\/wp-content\/uploads\/2022\/10\/Before-the-war-jeu-Land-of-Memory-1-600x615.png 600w\" sizes=\"auto, (max-width: 500px) 100vw, 500px\" \/><\/figure>\n<\/div>\n\n\n<p>Die Spieler \u00fcbernehmen jeweils die F\u00fchrung eines europ\u00e4ischen Landes und m\u00fcssen Entscheidungen treffen und B\u00fcndnisse schlie\u00dfen, da das Gleichgewicht der Welt davon abh\u00e4ngt. Dieses historische Strategie- und Managementspiel vermittelt ein besseres Verst\u00e4ndnis der mit Kriegen verbundenen Herausforderungen und Mechanismen. Die Szenarien sind von <strong>realen historischen Situationen<\/strong> inspiriert.<\/p>\n\n\n<div class=\"wp-block-image\">\n<figure class=\"aligncenter size-large is-resized\"><img loading=\"lazy\" decoding=\"async\" src=\"https:\/\/www.landofmemory.eu\/wp-content\/uploads\/2022\/10\/ABED734B-4978-4B91-B19D-553ECC7E6E8E_1_201_a-1024x303.jpeg\" alt=\"\" class=\"wp-image-12149\" width=\"512\" height=\"152\" srcset=\"https:\/\/www.landofmemory.eu\/wp-content\/uploads\/2022\/10\/ABED734B-4978-4B91-B19D-553ECC7E6E8E_1_201_a-1024x303.jpeg 1024w, https:\/\/www.landofmemory.eu\/wp-content\/uploads\/2022\/10\/ABED734B-4978-4B91-B19D-553ECC7E6E8E_1_201_a-300x89.jpeg 300w, https:\/\/www.landofmemory.eu\/wp-content\/uploads\/2022\/10\/ABED734B-4978-4B91-B19D-553ECC7E6E8E_1_201_a-768x227.jpeg 768w, https:\/\/www.landofmemory.eu\/wp-content\/uploads\/2022\/10\/ABED734B-4978-4B91-B19D-553ECC7E6E8E_1_201_a-1536x454.jpeg 1536w, https:\/\/www.landofmemory.eu\/wp-content\/uploads\/2022\/10\/ABED734B-4978-4B91-B19D-553ECC7E6E8E_1_201_a-2048x605.jpeg 2048w, https:\/\/www.landofmemory.eu\/wp-content\/uploads\/2022\/10\/ABED734B-4978-4B91-B19D-553ECC7E6E8E_1_201_a-600x177.jpeg 600w\" sizes=\"auto, (max-width: 512px) 100vw, 512px\" \/><\/figure>\n<\/div>\n\n\n<p>Entdecken Sie das <a href=\"https:\/\/www.landofmemory.eu\/de\/\" target=\"_blank\" rel=\"noopener\">Land of Memory<\/a> auf spielerische und originelle Weise! Der perfekte Weg, um auf unterhaltsame Weise zu lernen und in die Geschichte einzutauchen.<\/p>\n\n\n\n<p>Dieses Spiel wird in K\u00fcrze auf Anfrage Museen, Schulen und Vereinen zur Verf\u00fcgung stehen und ab 2023 auch der breiten \u00d6ffentlichkeit zug\u00e4nglich sein. <\/p>\n\n\n\n<p>Im p\u00e4dagogischen Begleitheft k\u00f6nnen Lehrer Ideen und Tipps f\u00fcr den Einsatz des Spiels in einem p\u00e4dagogischen Kontext finden.<\/p>\n\n\n\n<div class=\"wp-block-buttons is-content-justification-center is-layout-flex wp-container-core-buttons-is-layout-16018d1d wp-block-buttons-is-layout-flex\">\n<div class=\"wp-block-button is-style-fill\"><a class=\"wp-block-button__link wp-element-button\" href=\"https:\/\/www.landofmemory.eu\/wp-content\/uploads\/2023\/02\/livret-accompagnement-ALL4.pdf\" target=\"_blank\" rel=\"noreferrer noopener\">Ich entdecke das p\u00e4dagogische Begleitheft<\/a><\/div>\n<\/div>\n\n\n\n<p><em>Eine Partie dauert zwischen 30 und 120 Minuten, f\u00fcr 3 bis 8 Spieler allein oder in Gruppen und ab 14 Jahren.<\/em>\r\n<\/p>\n\n\n\n<p>Wenn Sie weitere Informationen w\u00fcnschen oder ein Exemplar des Spiels anfordern m\u00f6chten, kontaktieren Sie uns bitte: <a href=\"mailto:info@landofmemory.eu\">info@landofmemory.eu<\/a><\/p>\n\n\n<div class=\"wp-block-image\">\n<figure class=\"aligncenter size-large is-resized\"><img loading=\"lazy\" decoding=\"async\" src=\"https:\/\/www.landofmemory.eu\/wp-content\/uploads\/2022\/10\/Before-the-war-jeu-Land-of-Memory-2-1000x1024.jpg\" alt=\"\" class=\"wp-image-12015\" width=\"774\" height=\"793\" srcset=\"https:\/\/www.landofmemory.eu\/wp-content\/uploads\/2022\/10\/Before-the-war-jeu-Land-of-Memory-2-1000x1024.jpg 1000w, https:\/\/www.landofmemory.eu\/wp-content\/uploads\/2022\/10\/Before-the-war-jeu-Land-of-Memory-2-293x300.jpg 293w, https:\/\/www.landofmemory.eu\/wp-content\/uploads\/2022\/10\/Before-the-war-jeu-Land-of-Memory-2-768x787.jpg 768w, https:\/\/www.landofmemory.eu\/wp-content\/uploads\/2022\/10\/Before-the-war-jeu-Land-of-Memory-2-1499x1536.jpg 1499w, https:\/\/www.landofmemory.eu\/wp-content\/uploads\/2022\/10\/Before-the-war-jeu-Land-of-Memory-2-1999x2048.jpg 1999w, https:\/\/www.landofmemory.eu\/wp-content\/uploads\/2022\/10\/Before-the-war-jeu-Land-of-Memory-2-600x615.jpg 600w\" sizes=\"auto, (max-width: 774px) 100vw, 774px\" \/><\/figure>\n<\/div>","protected":false},"excerpt":{"rendered":"<p>&#8222;Before the War&#8220; ist ein uchronisches Brettspiel, das von der Firma N-Zone auf Anfrage der Partner des grenz\u00fcberschreitenden Projekts Land of Memory (Interreg V Gro\u00dfregion) entwickelt wurde. Die Spieler \u00fcbernehmen jeweils die F\u00fchrung eines europ\u00e4ischen Landes und m\u00fcssen Entscheidungen treffen und B\u00fcndnisse schlie\u00dfen, da das Gleichgewicht der Welt davon abh\u00e4ngt. Dieses historische Strategie- und Managementspiel [&hellip;]<\/p>\n","protected":false},"author":6,"featured_media":0,"parent":0,"menu_order":0,"comment_status":"closed","ping_status":"closed","template":"page-courante.php","meta":{"_acf_changed":false,"footnotes":""},"class_list":["post-8450","page","type-page","status-publish","hentry"],"acf":[],"yoast_head":"<!-- This site is optimized with the Yoast SEO plugin v26.0 - https:\/\/yoast.com\/wordpress\/plugins\/seo\/ -->\n<title>Before the war - Land Of Memory<\/title>\n<meta name=\"description\" content=\"&quot;Before the war&quot; ist das Brettspiel Land of Memory, das auf Wunsch der Partner des grenz\u00fcberschreitenden Projekts Interreg V Gro\u00dfregion entwickelt wurde.\" \/>\n<meta name=\"robots\" content=\"index, follow, max-snippet:-1, max-image-preview:large, max-video-preview:-1\" \/>\n<link rel=\"canonical\" href=\"https:\/\/www.landofmemory.eu\/de\/beforethewar\/\" \/>\n<meta property=\"og:locale\" content=\"de_DE\" \/>\n<meta property=\"og:type\" content=\"article\" \/>\n<meta property=\"og:title\" content=\"Before the war - Land Of Memory\" \/>\n<meta property=\"og:description\" content=\"&quot;Before the war&quot; ist das Brettspiel Land of Memory, das auf Wunsch der Partner des grenz\u00fcberschreitenden Projekts Interreg V Gro\u00dfregion entwickelt wurde.\" \/>\n<meta property=\"og:url\" content=\"https:\/\/www.landofmemory.eu\/de\/beforethewar\/\" \/>\n<meta property=\"og:site_name\" content=\"Land Of Memory\" \/>\n<meta property=\"article:publisher\" content=\"https:\/\/www.facebook.com\/landofmemory.eu\" \/>\n<meta property=\"article:modified_time\" content=\"2023-02-02T08:23:31+00:00\" \/>\n<meta property=\"og:image\" content=\"https:\/\/www.landofmemory.eu\/wp-content\/uploads\/2022\/10\/Before-the-war-jeu-Land-of-Memory-1-1000x1024.png\" \/>\n<meta name=\"twitter:card\" content=\"summary_large_image\" \/>\n<meta name=\"twitter:label1\" content=\"Gesch\u00e4tzte Lesezeit\" \/>\n\t<meta name=\"twitter:data1\" content=\"2\u00a0Minuten\" \/>\n<script type=\"application\/ld+json\" class=\"yoast-schema-graph\">{\"@context\":\"https:\/\/schema.org\",\"@graph\":[{\"@type\":\"WebPage\",\"@id\":\"https:\/\/www.landofmemory.eu\/de\/beforethewar\/\",\"url\":\"https:\/\/www.landofmemory.eu\/de\/beforethewar\/\",\"name\":\"Before the war - Land Of Memory\",\"isPartOf\":{\"@id\":\"https:\/\/www.landofmemory.eu\/#website\"},\"primaryImageOfPage\":{\"@id\":\"https:\/\/www.landofmemory.eu\/de\/beforethewar\/#primaryimage\"},\"image\":{\"@id\":\"https:\/\/www.landofmemory.eu\/de\/beforethewar\/#primaryimage\"},\"thumbnailUrl\":\"https:\/\/www.landofmemory.eu\/wp-content\/uploads\/2022\/10\/Before-the-war-jeu-Land-of-Memory-1-1000x1024.png\",\"datePublished\":\"2022-04-12T09:48:52+00:00\",\"dateModified\":\"2023-02-02T08:23:31+00:00\",\"description\":\"\\\"Before the war\\\" ist das Brettspiel Land of Memory, das auf Wunsch der Partner des grenz\u00fcberschreitenden Projekts Interreg V Gro\u00dfregion entwickelt wurde.\",\"breadcrumb\":{\"@id\":\"https:\/\/www.landofmemory.eu\/de\/beforethewar\/#breadcrumb\"},\"inLanguage\":\"de\",\"potentialAction\":[{\"@type\":\"ReadAction\",\"target\":[\"https:\/\/www.landofmemory.eu\/de\/beforethewar\/\"]}]},{\"@type\":\"ImageObject\",\"inLanguage\":\"de\",\"@id\":\"https:\/\/www.landofmemory.eu\/de\/beforethewar\/#primaryimage\",\"url\":\"https:\/\/www.landofmemory.eu\/wp-content\/uploads\/2022\/10\/Before-the-war-jeu-Land-of-Memory-1-1000x1024.png\",\"contentUrl\":\"https:\/\/www.landofmemory.eu\/wp-content\/uploads\/2022\/10\/Before-the-war-jeu-Land-of-Memory-1-1000x1024.png\"},{\"@type\":\"BreadcrumbList\",\"@id\":\"https:\/\/www.landofmemory.eu\/de\/beforethewar\/#breadcrumb\",\"itemListElement\":[{\"@type\":\"ListItem\",\"position\":1,\"name\":\"Accueil\",\"item\":\"https:\/\/www.landofmemory.eu\/\"},{\"@type\":\"ListItem\",\"position\":2,\"name\":\"Before the war\"}]},{\"@type\":\"WebSite\",\"@id\":\"https:\/\/www.landofmemory.eu\/#website\",\"url\":\"https:\/\/www.landofmemory.eu\/\",\"name\":\"Land Of Memory\",\"description\":\"L&#039;histoire commence ici\",\"publisher\":{\"@id\":\"https:\/\/www.landofmemory.eu\/#organization\"},\"potentialAction\":[{\"@type\":\"SearchAction\",\"target\":{\"@type\":\"EntryPoint\",\"urlTemplate\":\"https:\/\/www.landofmemory.eu\/?s={search_term_string}\"},\"query-input\":{\"@type\":\"PropertyValueSpecification\",\"valueRequired\":true,\"valueName\":\"search_term_string\"}}],\"inLanguage\":\"de\"},{\"@type\":\"Organization\",\"@id\":\"https:\/\/www.landofmemory.eu\/#organization\",\"name\":\"Land Of Memory\",\"url\":\"https:\/\/www.landofmemory.eu\/\",\"logo\":{\"@type\":\"ImageObject\",\"inLanguage\":\"de\",\"@id\":\"https:\/\/www.landofmemory.eu\/#\/schema\/logo\/image\/\",\"url\":\"https:\/\/www.landofmemory.eu\/wp-content\/uploads\/2022\/10\/logo-land-of-memory.jpg\",\"contentUrl\":\"https:\/\/www.landofmemory.eu\/wp-content\/uploads\/2022\/10\/logo-land-of-memory.jpg\",\"width\":1000,\"height\":500,\"caption\":\"Land Of Memory\"},\"image\":{\"@id\":\"https:\/\/www.landofmemory.eu\/#\/schema\/logo\/image\/\"},\"sameAs\":[\"https:\/\/www.facebook.com\/landofmemory.eu\",\"https:\/\/www.instagram.com\/landofmemory_eu\/\"]}]}<\/script>\n<!-- \/ Yoast SEO plugin. -->","yoast_head_json":{"title":"Before the war - Land Of Memory","description":"\"Before the war\" ist das Brettspiel Land of Memory, das auf Wunsch der Partner des grenz\u00fcberschreitenden Projekts Interreg V Gro\u00dfregion entwickelt wurde.","robots":{"index":"index","follow":"follow","max-snippet":"max-snippet:-1","max-image-preview":"max-image-preview:large","max-video-preview":"max-video-preview:-1"},"canonical":"https:\/\/www.landofmemory.eu\/de\/beforethewar\/","og_locale":"de_DE","og_type":"article","og_title":"Before the war - Land Of Memory","og_description":"\"Before the war\" ist das Brettspiel Land of Memory, das auf Wunsch der Partner des grenz\u00fcberschreitenden Projekts Interreg V Gro\u00dfregion entwickelt wurde.","og_url":"https:\/\/www.landofmemory.eu\/de\/beforethewar\/","og_site_name":"Land Of Memory","article_publisher":"https:\/\/www.facebook.com\/landofmemory.eu","article_modified_time":"2023-02-02T08:23:31+00:00","og_image":[{"url":"https:\/\/www.landofmemory.eu\/wp-content\/uploads\/2022\/10\/Before-the-war-jeu-Land-of-Memory-1-1000x1024.png","type":"","width":"","height":""}],"twitter_card":"summary_large_image","twitter_misc":{"Gesch\u00e4tzte Lesezeit":"2\u00a0Minuten"},"schema":{"@context":"https:\/\/schema.org","@graph":[{"@type":"WebPage","@id":"https:\/\/www.landofmemory.eu\/de\/beforethewar\/","url":"https:\/\/www.landofmemory.eu\/de\/beforethewar\/","name":"Before the war - Land Of Memory","isPartOf":{"@id":"https:\/\/www.landofmemory.eu\/#website"},"primaryImageOfPage":{"@id":"https:\/\/www.landofmemory.eu\/de\/beforethewar\/#primaryimage"},"image":{"@id":"https:\/\/www.landofmemory.eu\/de\/beforethewar\/#primaryimage"},"thumbnailUrl":"https:\/\/www.landofmemory.eu\/wp-content\/uploads\/2022\/10\/Before-the-war-jeu-Land-of-Memory-1-1000x1024.png","datePublished":"2022-04-12T09:48:52+00:00","dateModified":"2023-02-02T08:23:31+00:00","description":"\"Before the war\" ist das Brettspiel Land of Memory, das auf Wunsch der Partner des grenz\u00fcberschreitenden Projekts Interreg V Gro\u00dfregion entwickelt wurde.","breadcrumb":{"@id":"https:\/\/www.landofmemory.eu\/de\/beforethewar\/#breadcrumb"},"inLanguage":"de","potentialAction":[{"@type":"ReadAction","target":["https:\/\/www.landofmemory.eu\/de\/beforethewar\/"]}]},{"@type":"ImageObject","inLanguage":"de","@id":"https:\/\/www.landofmemory.eu\/de\/beforethewar\/#primaryimage","url":"https:\/\/www.landofmemory.eu\/wp-content\/uploads\/2022\/10\/Before-the-war-jeu-Land-of-Memory-1-1000x1024.png","contentUrl":"https:\/\/www.landofmemory.eu\/wp-content\/uploads\/2022\/10\/Before-the-war-jeu-Land-of-Memory-1-1000x1024.png"},{"@type":"BreadcrumbList","@id":"https:\/\/www.landofmemory.eu\/de\/beforethewar\/#breadcrumb","itemListElement":[{"@type":"ListItem","position":1,"name":"Accueil","item":"https:\/\/www.landofmemory.eu\/"},{"@type":"ListItem","position":2,"name":"Before the war"}]},{"@type":"WebSite","@id":"https:\/\/www.landofmemory.eu\/#website","url":"https:\/\/www.landofmemory.eu\/","name":"Land Of Memory","description":"L&#039;histoire commence ici","publisher":{"@id":"https:\/\/www.landofmemory.eu\/#organization"},"potentialAction":[{"@type":"SearchAction","target":{"@type":"EntryPoint","urlTemplate":"https:\/\/www.landofmemory.eu\/?s={search_term_string}"},"query-input":{"@type":"PropertyValueSpecification","valueRequired":true,"valueName":"search_term_string"}}],"inLanguage":"de"},{"@type":"Organization","@id":"https:\/\/www.landofmemory.eu\/#organization","name":"Land Of Memory","url":"https:\/\/www.landofmemory.eu\/","logo":{"@type":"ImageObject","inLanguage":"de","@id":"https:\/\/www.landofmemory.eu\/#\/schema\/logo\/image\/","url":"https:\/\/www.landofmemory.eu\/wp-content\/uploads\/2022\/10\/logo-land-of-memory.jpg","contentUrl":"https:\/\/www.landofmemory.eu\/wp-content\/uploads\/2022\/10\/logo-land-of-memory.jpg","width":1000,"height":500,"caption":"Land Of Memory"},"image":{"@id":"https:\/\/www.landofmemory.eu\/#\/schema\/logo\/image\/"},"sameAs":["https:\/\/www.facebook.com\/landofmemory.eu","https:\/\/www.instagram.com\/landofmemory_eu\/"]}]}},"_links":{"self":[{"href":"https:\/\/www.landofmemory.eu\/de\/wp-json\/wp\/v2\/pages\/8450","targetHints":{"allow":["GET"]}}],"collection":[{"href":"https:\/\/www.landofmemory.eu\/de\/wp-json\/wp\/v2\/pages"}],"about":[{"href":"https:\/\/www.landofmemory.eu\/de\/wp-json\/wp\/v2\/types\/page"}],"author":[{"embeddable":true,"href":"https:\/\/www.landofmemory.eu\/de\/wp-json\/wp\/v2\/users\/6"}],"replies":[{"embeddable":true,"href":"https:\/\/www.landofmemory.eu\/de\/wp-json\/wp\/v2\/comments?post=8450"}],"version-history":[{"count":9,"href":"https:\/\/www.landofmemory.eu\/de\/wp-json\/wp\/v2\/pages\/8450\/revisions"}],"predecessor-version":[{"id":12624,"href":"https:\/\/www.landofmemory.eu\/de\/wp-json\/wp\/v2\/pages\/8450\/revisions\/12624"}],"wp:attachment":[{"href":"https:\/\/www.landofmemory.eu\/de\/wp-json\/wp\/v2\/media?parent=8450"}],"curies":[{"name":"wp","href":"https:\/\/api.w.org\/{rel}","templated":true}]}}