{"id":4713,"date":"2021-10-17T09:13:40","date_gmt":"2021-10-17T07:13:40","guid":{"rendered":"https:\/\/www.landofmemory.eu\/en-conditions-generales-dutilisation\/"},"modified":"2022-01-14T17:20:17","modified_gmt":"2022-01-14T16:20:17","slug":"en-conditions-generales-dutilisation","status":"publish","type":"page","link":"https:\/\/www.landofmemory.eu\/en\/en-conditions-generales-dutilisation\/","title":{"rendered":"Terms and conditions of use"},"content":{"rendered":"\n<p>Land of Memory is a tourist destination of sites of memory located in four European countries (Belgium, France, Grand Duchy of Luxembourg, Germany). The F\u00e9d\u00e9ration du Tourisme de la Province de Li\u00e8ge is the legal entity responsible for the site and the services offered by the site <a href=\"https:\/\/landofmemory.eu\/\">https:\/\/landofmemory.eu\/<\/a> as coordinator for the Interreg V-A Grande R\u00e9gion Land of Memory project and its partners.<\/p>\n\n<h2 class=\"wp-block-heading\"><strong>ARTICLE 1. SUBJECT<\/strong><\/h2>\n\n<p>The purpose of these GTU is to determine the conditions of access and use of the site and\/or services by the Internet user. Access to the site and consultation of the information it contains implies that the user accepts without reservation all of the provisions contained in these GCU.<\/p>\n\n<p>The GCU that may be modified and the applicable conditions are those in force and accessible on the site at the date of access to the latter by the Internet user.<\/p>\n\n<h2 class=\"wp-block-heading\"><strong>ARTICLE 2. USE OF THE SITE AND\/OR SERVICES<\/strong><\/h2>\n\n<p>In general, the Internet user undertakes, when using the site and\/or the services, to :<\/p>\n\n<ul class=\"wp-block-list\"><li>access or use the Site and\/or the Services in good faith, in a reasonable manner and not contrary to the TOS,<\/li><li>not to use any devices or software other than those provided by Land of Memory intended to (i) affect or attempt to affect the proper functioning of the site and\/or the services contained therein or (ii) extract, modify, consult, even in buffer memory, temporarily or for individual use, all or part of the site,<\/li><li>not to access or use the site and\/or the services provided by Land of Memory for illicit purposes or with the aim of damaging the reputation and image of the company or, more generally, to infringe the rights, in particular the intellectual property rights, of Land of Memory and\/or third parties<\/li><li>not to exploit, reuse, reproduce or represent all or part of the site and\/or the services it contains, in particular for direct or indirect commercial, collective and\/or personal purposes in a form or media not authorised by Land of Memory,<\/li><li>not to market directly or indirectly access to the site and\/or the services,<\/li><li>not to reproduce or represent all or part of the site for private purposes beyond the legal exceptions provided for, in particular by the Intellectual Property Code, or with a view to direct or indirect marketing, particularly to third parties,<\/li><li>not to restrict access and\/or use of the site and\/or the services,<\/li><li>not to modify, including in buffer or temporary memory, any mention or element of the services and\/or content of the site,<\/li><li>not to contravene the provisions of articles 323-1 to 323-7 of the Penal Code, which punish so-called &#8220;hacking&#8221; practices,<\/li><li>not to engage in acts of any kind whatsoever, such as issuing, publishing, uploading or disseminating data and\/or content that would be contrary to the law, infringe public order or the rights of the company or of third parties,<\/li><li>not to use and\/or exploit the electronic and\/or postal contact details of other Internet users on the site for the purpose of sending mass e-mail solicitations and to engage in &#8220;spamming&#8221;.<\/li><\/ul>\n\n<p>In the event of a breach of any of these obligations, and without this list being exhaustive, the Internet user acknowledges and accepts that Land of Memory shall have the right to refuse him\/her, unilaterally and without prior notification, access to all or part of the site and\/or the services.<\/p>\n\n<h2 class=\"wp-block-heading\"><strong>ARTICLE 3. AVAILABILITY OF THE SITE AND\/OR SERVICES<\/strong><\/h2>\n\n<p>Land of Memory makes every effort to make the site available and accessible 24 hours a day, 7 days a week, regardless of maintenance or security operations, updates, technical improvements or changes in content and\/or presentation.<\/p>\n\n<p>In this respect, Land of Memory is bound by an obligation of means. However, Land of Memory reserves the right, where necessary, to modify or interrupt the display, at any time, temporarily or permanently, of all or part of the information and data presented on the site.\u00a0<\/p>\n\n<p>The Internet user and the user may not at any time, and for any reason whatsoever, hold Land of Memory liable for any of the reasons mentioned in this article.<\/p>\n\n<h2 class=\"wp-block-heading\">\u00a0<strong>ARTICLE 4. LIABILITY, FORCE MAJEURE<\/strong><\/h2>\n\n<h3 class=\"wp-block-heading\">\u00a0<strong>4.1 &#8211; Responsibility of the Internet user<\/strong><\/h3>\n\n<p>All hardware and software necessary for access to the site and\/or use of the services remain the sole responsibility of the Internet user. It is the user&#8217;s responsibility to take all appropriate measures to protect his\/her own data, computer systems and\/or software from contamination by any viruses.<\/p>\n\n<p>The Internet user is solely responsible for the use he makes of the site and\/or the services he accesses from it and for the truthfulness or accuracy of the data and information he provides.<\/p>\n\n<p>Land of Memory shall not be held liable in any way in the event of proceedings being brought against an Internet user who is guilty of non-compliant use of the site and\/or the services it provides.<\/p>\n\n<p>The Internet user acknowledges and accepts in this respect that he\/she shall be personally responsible for any claim or proceedings brought against Land of Memory as a result of his\/her improper use of the services and\/or the site, or as a result of his\/her use, in the context of the use of the services, of data for which he\/she does not hold the necessary rights and\/or autorisations. <\/p>\n\n<h3 class=\"wp-block-heading\"><strong>4.2 &#8211; Responsibility of Land of Memory<\/strong><\/h3>\n\n<p>The purpose of the site is to enable the Internet user to find out about the services and products distributed by Land of Memory.<\/p>\n\n<p>The site may contain hypertext links to third party websites. The setting up of hypertext links on the present site to other resources present on the Internet network does not constitute a validation of these resources or their content, and Land of Memory, publisher of the present site, cannot be held responsible for them.\u00a0<\/p>\n\n<p>Any hypertext link to this site must be expressly authorised in advance by Land of Memory, which reserves the right to remove the link at any time.<\/p>\n\n<p>In this respect, given the evanescent nature of the content that may be disseminated, Land of Memory cannot be held responsible if the content of the said third party websites contravenes the legal and\/or regulatory provisions in force.<\/p>\n\n<p>In any case, Land of Memory cannot be held responsible:<\/p>\n\n<ul class=\"wp-block-list\"><li>in case of unavailability of the site and\/or services for reasons such as the failure of the public electricity network, the failure of the cable telecommunications networks, the loss of connectivity to the Internet network due to public or private operators, particularly the Internet user,<\/li><li>in the event of use of the site and\/or the services by an Internet user under conditions that do not comply with the terms of these GCU,<\/li><li>to the extent permitted by applicable law, for any consequential damages, including but not limited to loss of profit, business interruption, loss of data, or any other loss of intangible property, even if Land of Memory has been advised of the possibility of such damages, which may arise (i) as a result of the use of, or inability to use, the services or (ii) as a result of access to the services by an unauthorised user.<\/li><\/ul>\n\n<p>Land of Memory shall not be held responsible for any malfunction of any nature whatsoever relating to the Internet user&#8217;s computer equipment or Internet access connection when accessing the site and more generally the services.<\/p>\n\n<h3 class=\"wp-block-heading\"><strong>4.3 &#8211; Force majeure<\/strong><\/h3>\n\n<p>Land of Memory shall not be liable if the performance of any of its obligations is prevented or delayed due to a case of force majeure within the meaning of Article 1218 of the French Civil Code, and in particular natural disasters, fires, malfunctions or interruptions of the telecommunications network or the electricity network.<\/p>\n\n<h2 class=\"wp-block-heading\">\u00a0<strong>ARTICLE 6. COOKIES<\/strong><\/h2>\n\n<p>In order to better serve the Internet user, Land of Memory establishes statistics on the number of visitors to its site. To do this, it uses cookie technology. A cookie is a block of data that does not allow the user to be identified, but is used to record information relating to the user&#8217;s browsing on the site.<\/p>\n\n<p>Also, when accessing the <a href=\"https:\/\/landofmemory.eu\/\">https:\/\/landofmemory.eu\/<\/a> website, cookies store information temporarily in memory or on the user&#8217;s hard drive while browsing the site.<\/p>\n\n<p><em>See our cookie policy, accessible directly on the site.<\/em><\/p>\n\n<p>The Internet user can refuse the cookies according to the written procedure at the following address: <a href=\"http:\/\/www.cnil.fr\/fr\/cookies-les-outils-pour-les-maitriser\">www.cnil.fr\/fr\/cookies-les-outils-pour-les-maitriser<\/a>.<\/p>\n\n<p>For any clarification or information concerning this disclaimer, the Internet user may contact Land of Memory at the following e-mail address: info@landofmemory.eu with a precise request. A reply will be provided within eight days.<\/p>\n\n<h2 class=\"wp-block-heading\">\u00a0<strong>ARTICLE 7. COMPLAINT OR DISAGREEMENT<\/strong><\/h2>\n\n<p>For any complaint or disagreement, the Internet user may contact Land of Memory directly by e-mail at info@landofmemory.eu with a precise description of their request, or they may contact Land of Memory by telephone at info@landofmemory.eu.<\/p>\n\n<p>Land of Memory is committed to :<\/p>\n\n<ul class=\"wp-block-list\"><li>acknowledge receipt of the complaint or disagreement by e-mail within a maximum of 8 working days of its receipt,<\/li><li>provide a response (positive or negative) within a maximum of two months of receipt.<\/li><\/ul>\n\n<h2 class=\"wp-block-heading\"><strong>ARTICLE 8. INTELLECTUAL PROPERTY<\/strong><\/h2>\n\n<p>Land of Memory is the owner of all the intellectual property rights of the site, as well as all the industrial property rights of the elements it contains (logos, brands etc.). Therefore, in accordance with the provisions of the Intellectual Property Code, any representation, reproduction, modification, distortion and\/or exploitation of the site, its content and\/or services, in whole or in part, by any process whatsoever and on any medium whatsoever, without the express prior authorisation of Land of Memory, is prohibited and constitutes an infringement of copyright.<\/p>\n\n<p>Similarly, any unauthorised use of the site, its content and\/or services will engage the criminal and civil liability of the Internet user on the basis of copyright infringement.<\/p>\n\n<p>Land of Memory discloses the site and services in order to allow access to them on the Internet, and this (i) from a computer or equivalent terminal with access to one or more telecommunication networks allowing access to the Internet, and Internet browsing software (such as Internet Explorer, Mozilla Firefox, etc.), (ii) a telephone terminal with access to a telecommunication network allowing access to the Internet (3\/4G connection, Edge, etc.).<\/p>\n\n<p>Any other use of the site and\/or the services shall be deemed to be reserved to Land of Memory and shall constitute an infringement of its right of disclosure on the site and\/or the services.<\/p>\n\n<p>The trademarks, logos, company names, acronyms, commercial names, signs and\/or domain names of Land of Memory and\/or its commercial partners mentioned on the site, allowing access to the services made available by Land of Memory, constitute distinctive signs which may not be used without the express prior authorisation of Land of Memory or any third party holders of all or part of the intellectual and industrial property rights attached to the above elements.<\/p>\n\n<p>Any representation, reproduction and\/or partial or total exploitation of these distinctive signs is therefore prohibited and constitutes trademark infringement, in application of the provisions of the Intellectual Property Code, and usurpation of a company name, trademark and domain name engaging the civil liability of its author.<\/p>\n\n<p>The Internet user acknowledges and accepts that access to the site and\/or the services made available by Land of Memory does not imply any transfer or concession of intellectual property rights. The Internet user acknowledges that the technique of integrating one or more links within the site, without the agreement of Land of Memory, with a view to allowing any other Internet user to access a website not belonging to Land of Memory, known as the &#8220;framing&#8221; technique, is forbidden.<\/p>\n\n<h2 class=\"wp-block-heading\"><strong>ARTICLE 9. PROTECTION OF PERSONAL DATA AND COOKIES<\/strong><\/h2>\n\n<p>For information on the protection of personal data and the use of cookies by Land of Memory, the Internet user may consult the <a href=\"http:\/\/www.landofmemory.eu\/en\/en-politique-de-confidentialite\/\">Privacy Policy<\/a> (General Data Protection Regulation) and the Cookies Policy accessible directly on the site.<\/p>\n\n<h2 class=\"wp-block-heading\">\u00a0<strong>ARTICLE 10. DURATION OF SERVICE<\/strong><\/h2>\n\n<p>The user&#8217;s right to access and use the services is withdrawn and his access codes are deactivated in the following cases<\/p>\n\n<ul class=\"wp-block-list\"><li>failure to comply with its obligations under these GCU or an act or omission affecting or likely to affect the proper functioning and\/or security of the site or, more generally, contrary to the law, public order or good morals, on the date on which these failures, acts or omissions are noted.<\/li><\/ul>\n\n<h2 class=\"wp-block-heading\">\u00a0<strong>ARTICLE 11. DIVISIBILITY<\/strong><\/h2>\n\n<p>In the event that one of the clauses of these GCU is declared null and void or inapplicable for any reason or by any jurisdiction or authority whatsoever, even by way of a decision having the force of res judicata, this nullity will in no way affect the validity of all other clauses.<\/p>\n\n<p>The latter shall remain in force and shall be applied as if the GTC\/CS had been concluded without the invalidated clause, notwithstanding, on the one hand, any contractual indivisibility between the invalidated clause(s) and the other clauses and, on the other hand, the possible stipulation of the decisive character of the invalidated clause.<\/p>\n\n<h2 class=\"wp-block-heading\"><strong>ARTICLE 12. DISPUTES<\/strong><\/h2>\n\n<p>The GTC are governed by Belgian law.<\/p>\n\n<p>The Internet user and Land of Memory undertake to do their utmost to try to settle amicably any dispute that may arise from the execution of the GTC and, more generally, from the use of the site or the services.<\/p>\n\n<p>In the absence of an amicable solution within thirty (30) days of notification by registered letter (to Land of Memory, Place de la R\u00e9publique Fran\u00e7aise 1, Li\u00e8ge, Belgium) by one of the parties of the need to seek such a solution, any dispute between the Internet user and Land of Memory relating to the validity, conclusion, interpretation or performance of the GTC shall be submitted to the competent court, according to the nature of the dispute.\u00a0<\/p>\n","protected":false},"excerpt":{"rendered":"<p>Land of Memory is a tourist destination of sites of memory located in four European countries (Belgium, France, Grand Duchy of Luxembourg, Germany). The F\u00e9d\u00e9ration du Tourisme de la Province de Li\u00e8ge is the legal entity responsible for the site and the services offered by the site https:\/\/landofmemory.eu\/ as coordinator for the Interreg V-A Grande [&hellip;]<\/p>\n","protected":false},"author":1,"featured_media":0,"parent":0,"menu_order":0,"comment_status":"closed","ping_status":"closed","template":"page-courante.php","meta":{"_acf_changed":false,"footnotes":""},"class_list":["post-4713","page","type-page","status-publish","hentry"],"acf":[],"yoast_head":"<!-- This site is optimized with the Yoast SEO plugin v26.0 - https:\/\/yoast.com\/wordpress\/plugins\/seo\/ -->\n<title>Terms and conditions of use - Land Of Memory<\/title>\n<meta name=\"robots\" content=\"index, follow, max-snippet:-1, max-image-preview:large, max-video-preview:-1\" \/>\n<link rel=\"canonical\" href=\"https:\/\/www.landofmemory.eu\/en\/en-conditions-generales-dutilisation\/\" \/>\n<meta property=\"og:locale\" content=\"en_US\" \/>\n<meta property=\"og:type\" content=\"article\" \/>\n<meta property=\"og:title\" content=\"Terms and conditions of use - Land Of Memory\" \/>\n<meta property=\"og:description\" content=\"Land of Memory is a tourist destination of sites of memory located in four European countries (Belgium, France, Grand Duchy of Luxembourg, Germany). The F\u00e9d\u00e9ration du Tourisme de la Province de Li\u00e8ge is the legal entity responsible for the site and the services offered by the site https:\/\/landofmemory.eu\/ as coordinator for the Interreg V-A Grande [&hellip;]\" \/>\n<meta property=\"og:url\" content=\"https:\/\/www.landofmemory.eu\/en\/en-conditions-generales-dutilisation\/\" \/>\n<meta property=\"og:site_name\" content=\"Land Of Memory\" \/>\n<meta property=\"article:publisher\" content=\"https:\/\/www.facebook.com\/landofmemory.eu\" \/>\n<meta property=\"article:modified_time\" content=\"2022-01-14T16:20:17+00:00\" \/>\n<meta name=\"twitter:card\" content=\"summary_large_image\" \/>\n<meta name=\"twitter:label1\" content=\"Est. reading time\" \/>\n\t<meta name=\"twitter:data1\" content=\"12 minutes\" \/>\n<script type=\"application\/ld+json\" class=\"yoast-schema-graph\">{\"@context\":\"https:\/\/schema.org\",\"@graph\":[{\"@type\":\"WebPage\",\"@id\":\"https:\/\/www.landofmemory.eu\/en\/en-conditions-generales-dutilisation\/\",\"url\":\"https:\/\/www.landofmemory.eu\/en\/en-conditions-generales-dutilisation\/\",\"name\":\"Terms and conditions of use - Land Of Memory\",\"isPartOf\":{\"@id\":\"https:\/\/www.landofmemory.eu\/#website\"},\"datePublished\":\"2021-10-17T07:13:40+00:00\",\"dateModified\":\"2022-01-14T16:20:17+00:00\",\"breadcrumb\":{\"@id\":\"https:\/\/www.landofmemory.eu\/en\/en-conditions-generales-dutilisation\/#breadcrumb\"},\"inLanguage\":\"en-US\",\"potentialAction\":[{\"@type\":\"ReadAction\",\"target\":[\"https:\/\/www.landofmemory.eu\/en\/en-conditions-generales-dutilisation\/\"]}]},{\"@type\":\"BreadcrumbList\",\"@id\":\"https:\/\/www.landofmemory.eu\/en\/en-conditions-generales-dutilisation\/#breadcrumb\",\"itemListElement\":[{\"@type\":\"ListItem\",\"position\":1,\"name\":\"Accueil\",\"item\":\"https:\/\/www.landofmemory.eu\/\"},{\"@type\":\"ListItem\",\"position\":2,\"name\":\"Terms and conditions of use\"}]},{\"@type\":\"WebSite\",\"@id\":\"https:\/\/www.landofmemory.eu\/#website\",\"url\":\"https:\/\/www.landofmemory.eu\/\",\"name\":\"Land Of Memory\",\"description\":\"L&#039;histoire commence ici\",\"publisher\":{\"@id\":\"https:\/\/www.landofmemory.eu\/#organization\"},\"potentialAction\":[{\"@type\":\"SearchAction\",\"target\":{\"@type\":\"EntryPoint\",\"urlTemplate\":\"https:\/\/www.landofmemory.eu\/?s={search_term_string}\"},\"query-input\":{\"@type\":\"PropertyValueSpecification\",\"valueRequired\":true,\"valueName\":\"search_term_string\"}}],\"inLanguage\":\"en-US\"},{\"@type\":\"Organization\",\"@id\":\"https:\/\/www.landofmemory.eu\/#organization\",\"name\":\"Land Of Memory\",\"url\":\"https:\/\/www.landofmemory.eu\/\",\"logo\":{\"@type\":\"ImageObject\",\"inLanguage\":\"en-US\",\"@id\":\"https:\/\/www.landofmemory.eu\/#\/schema\/logo\/image\/\",\"url\":\"https:\/\/www.landofmemory.eu\/wp-content\/uploads\/2022\/10\/logo-land-of-memory.jpg\",\"contentUrl\":\"https:\/\/www.landofmemory.eu\/wp-content\/uploads\/2022\/10\/logo-land-of-memory.jpg\",\"width\":1000,\"height\":500,\"caption\":\"Land Of Memory\"},\"image\":{\"@id\":\"https:\/\/www.landofmemory.eu\/#\/schema\/logo\/image\/\"},\"sameAs\":[\"https:\/\/www.facebook.com\/landofmemory.eu\",\"https:\/\/www.instagram.com\/landofmemory_eu\/\"]}]}<\/script>\n<!-- \/ Yoast SEO plugin. -->","yoast_head_json":{"title":"Terms and conditions of use - Land Of Memory","robots":{"index":"index","follow":"follow","max-snippet":"max-snippet:-1","max-image-preview":"max-image-preview:large","max-video-preview":"max-video-preview:-1"},"canonical":"https:\/\/www.landofmemory.eu\/en\/en-conditions-generales-dutilisation\/","og_locale":"en_US","og_type":"article","og_title":"Terms and conditions of use - Land Of Memory","og_description":"Land of Memory is a tourist destination of sites of memory located in four European countries (Belgium, France, Grand Duchy of Luxembourg, Germany). The F\u00e9d\u00e9ration du Tourisme de la Province de Li\u00e8ge is the legal entity responsible for the site and the services offered by the site https:\/\/landofmemory.eu\/ as coordinator for the Interreg V-A Grande [&hellip;]","og_url":"https:\/\/www.landofmemory.eu\/en\/en-conditions-generales-dutilisation\/","og_site_name":"Land Of Memory","article_publisher":"https:\/\/www.facebook.com\/landofmemory.eu","article_modified_time":"2022-01-14T16:20:17+00:00","twitter_card":"summary_large_image","twitter_misc":{"Est. reading time":"12 minutes"},"schema":{"@context":"https:\/\/schema.org","@graph":[{"@type":"WebPage","@id":"https:\/\/www.landofmemory.eu\/en\/en-conditions-generales-dutilisation\/","url":"https:\/\/www.landofmemory.eu\/en\/en-conditions-generales-dutilisation\/","name":"Terms and conditions of use - Land Of Memory","isPartOf":{"@id":"https:\/\/www.landofmemory.eu\/#website"},"datePublished":"2021-10-17T07:13:40+00:00","dateModified":"2022-01-14T16:20:17+00:00","breadcrumb":{"@id":"https:\/\/www.landofmemory.eu\/en\/en-conditions-generales-dutilisation\/#breadcrumb"},"inLanguage":"en-US","potentialAction":[{"@type":"ReadAction","target":["https:\/\/www.landofmemory.eu\/en\/en-conditions-generales-dutilisation\/"]}]},{"@type":"BreadcrumbList","@id":"https:\/\/www.landofmemory.eu\/en\/en-conditions-generales-dutilisation\/#breadcrumb","itemListElement":[{"@type":"ListItem","position":1,"name":"Accueil","item":"https:\/\/www.landofmemory.eu\/"},{"@type":"ListItem","position":2,"name":"Terms and conditions of use"}]},{"@type":"WebSite","@id":"https:\/\/www.landofmemory.eu\/#website","url":"https:\/\/www.landofmemory.eu\/","name":"Land Of Memory","description":"L&#039;histoire commence ici","publisher":{"@id":"https:\/\/www.landofmemory.eu\/#organization"},"potentialAction":[{"@type":"SearchAction","target":{"@type":"EntryPoint","urlTemplate":"https:\/\/www.landofmemory.eu\/?s={search_term_string}"},"query-input":{"@type":"PropertyValueSpecification","valueRequired":true,"valueName":"search_term_string"}}],"inLanguage":"en-US"},{"@type":"Organization","@id":"https:\/\/www.landofmemory.eu\/#organization","name":"Land Of Memory","url":"https:\/\/www.landofmemory.eu\/","logo":{"@type":"ImageObject","inLanguage":"en-US","@id":"https:\/\/www.landofmemory.eu\/#\/schema\/logo\/image\/","url":"https:\/\/www.landofmemory.eu\/wp-content\/uploads\/2022\/10\/logo-land-of-memory.jpg","contentUrl":"https:\/\/www.landofmemory.eu\/wp-content\/uploads\/2022\/10\/logo-land-of-memory.jpg","width":1000,"height":500,"caption":"Land Of Memory"},"image":{"@id":"https:\/\/www.landofmemory.eu\/#\/schema\/logo\/image\/"},"sameAs":["https:\/\/www.facebook.com\/landofmemory.eu","https:\/\/www.instagram.com\/landofmemory_eu\/"]}]}},"_links":{"self":[{"href":"https:\/\/www.landofmemory.eu\/en\/wp-json\/wp\/v2\/pages\/4713","targetHints":{"allow":["GET"]}}],"collection":[{"href":"https:\/\/www.landofmemory.eu\/en\/wp-json\/wp\/v2\/pages"}],"about":[{"href":"https:\/\/www.landofmemory.eu\/en\/wp-json\/wp\/v2\/types\/page"}],"author":[{"embeddable":true,"href":"https:\/\/www.landofmemory.eu\/en\/wp-json\/wp\/v2\/users\/1"}],"replies":[{"embeddable":true,"href":"https:\/\/www.landofmemory.eu\/en\/wp-json\/wp\/v2\/comments?post=4713"}],"version-history":[{"count":4,"href":"https:\/\/www.landofmemory.eu\/en\/wp-json\/wp\/v2\/pages\/4713\/revisions"}],"predecessor-version":[{"id":7057,"href":"https:\/\/www.landofmemory.eu\/en\/wp-json\/wp\/v2\/pages\/4713\/revisions\/7057"}],"wp:attachment":[{"href":"https:\/\/www.landofmemory.eu\/en\/wp-json\/wp\/v2\/media?parent=4713"}],"curies":[{"name":"wp","href":"https:\/\/api.w.org\/{rel}","templated":true}]}}