{"id":4738,"date":"2021-10-17T09:21:53","date_gmt":"2021-10-17T07:21:53","guid":{"rendered":"https:\/\/www.landofmemory.eu\/en-politique-de-confidentialite\/"},"modified":"2022-01-14T16:35:42","modified_gmt":"2022-01-14T15:35:42","slug":"en-politique-de-confidentialite","status":"publish","type":"page","link":"https:\/\/www.landofmemory.eu\/en\/en-politique-de-confidentialite\/","title":{"rendered":"Confidentiality policy"},"content":{"rendered":"\n<p>In its capacity as manager of its activity, the tourist destination Land of Memory, managed by the Federation of Tourism of the Province of Liege, as coordinator for the Interreg V-A Grande R\u00e9gion project Land of Memory and its partners, is required to process personal data. You will find legal information about Land of Memory in our <a href=\"http:\/\/href=\">legal notice<\/a>.<\/p>\n\n<p>We attach great importance to their respect, in an approach enshrined in our &#8220;Privacy Policy&#8221; strictly respecting the provisions in force, in particular the &#8220;Data Protection Act&#8221; of 6 January 1978 and the &#8220;RGPD&#8221; General Data Protection Regulation (EU Regulation 2016\/679 of 27 April 2016).<\/p>\n\n<h2 class=\"wp-block-heading\">ARTICLE 1 &#8211; PERSONAL INFORMATION COLLECTED<\/h2>\n\n<p>When you sign up for the Land of Memory newsletter, we collect personal information you provide, such as your name and email address. The data may be used by the Land of Memory destination and the 4 partners that make up the destination:\u00a0<\/p>\n\n<ul class=\"wp-block-list\"><li>F\u00e9d\u00e9ration du Tourisme de la Province de Li\u00e8ge (FTPL), Place de la R\u00e9publique Fran\u00e7aise 1, 4000 Li\u00e8ge, Belgium\u00a0<\/li><li>Association Touristique du Luxembourg Belge (ATLB), Boucle de la Famenne, 23 A, 6900 Marche-en-Famenne, Belgium<\/li><li>Office R\u00e9gional du Tourisme des Ardennes Luxembourgeoises (ORTAL), B.P. 12 L-9401 Vianden, Luxembourg<\/li><li>Meuse Attractivit\u00e9, Centre d&#8217;affaires C\u0153ur de Meuse, ZID Meuse TGV, 55 220 Les Trois Domaines, France<\/li><li>Office de Tourisme du Grand Verdun (OTGV), Place de la Nation, 55 100 Verdun, France<\/li><li>Ministry of Education and Culture in Saarland, Triererstrasse 10, 66111 Saarbr\u00fccken, Germany.<\/li><\/ul>\n\n<p>With your permission, we may send you emails about Land of Memory or its partners, special offers and destination information.<\/p>\n\n<p>In accordance with the law on the protection of privacy (RGPD) with regard to the processing of personal data, you have the right to access, rectify, modify and delete data concerning you. Land of Memory and its partners undertake not to divulge to third parties the information collected on https:\/\/landofmemory.eu\/.<\/p>\n\n<p>You can request the modification or deletion of your personal data at any time by contacting Land of Memory at info@landofmemory.eu.<\/p>\n\n<h2 class=\"wp-block-heading\">ARTICLE 2 &#8211; CONSENT<\/h2>\n\n<p><strong>How do you get my consent?<\/strong><\/p>\n\n<p>When you provide us with your personal information to subscribe to the Land of Memory newsletter, we assume that you consent to our collection and use of your information for this purpose only.<\/p>\n\n<p>If we ask you to provide your personal information for any other reason, such as marketing purposes, we will ask you directly for your express consent, or we will give you the opportunity to decline.<\/p>\n\n<p><strong>How can I withdraw my consent?<\/strong><\/p>\n\n<p>If, after you have given us your consent, you change your mind and no longer consent to our contacting you, collecting your information or disclosing it, you may notify us by contacting us at <span class=\"has-inline-color has-black-color\">at the email address info@landofmemory.eu<\/span> or by mail at F\u00e9d\u00e9ration du Tourisme de la Province de Li\u00e8ge, Place de la R\u00e9publique Fran\u00e7aise 1, Liege, Belgium.\u00a0<\/p>\n\n<h2 class=\"wp-block-heading\">ARTICLE 3 &#8211; DISCLOSURE<\/h2>\n\n<p>We may disclose your personal information if we are required to do so by law, or if you breach our Terms and Conditions.<\/p>\n\n<h2 class=\"wp-block-heading\">ARTICLE 4 &#8211; SAFETY<\/h2>\n\n<p>To protect your personal data, we take reasonable precautions and follow industry best practices to ensure that it is not lost, misappropriated, accessed, disclosed, altered or destroyed inappropriately.<\/p>\n\n<p>ons have put in place restricted data access systems. Thus, your data is only visible to authorised personnel who are aware of the issues of personal data protection.\u00a0<\/p>\n\n<h2 class=\"wp-block-heading\">ARTICLE 5 &#8211; COOKIE POLICY<\/h2>\n\n<p><strong>What is a cookie?<\/strong><\/p>\n\n<p>A cookie is a text file deposited when a user consults the content of a website or an online advertisement. It is completely anonymous and only recognises the terminal used for navigation. Cookies allow us to collect information about the user&#8217;s navigation. When we say &#8220;cookie&#8221;, we mean cookies and similar online tracking technologies.\u00a0<\/p>\n\n<p><strong>What types of cookies do we use and why?<\/strong><\/p>\n\n<p>We use several types of cookies, which we group into three categories:<\/p>\n\n<ul class=\"wp-block-list\"><li><strong>Technical cookies,<\/strong> these cookies are necessary for you to benefit from all the features of our site, and also allow access to our products and services. Without these cookies, some parts of our site and services may not function as they should.<\/li><li><strong>Audience cookies<\/strong> (e.g. Google Analytics) allow us to measure the audience of the different pages of our site. We can thus establish statistics with the aim of understanding the behaviour of our users, and thus improve navigation on our site. This data is collected in an aggregated manner, so each visit is anonymous. The use of cookies by these companies is subject to their own privacy policies, not those of Land of Memory.<\/li><li><strong>Advertising cookies<\/strong>, these enable the display of targeted advertising, and like all other cookies on our site, they are completely anonymous. The cookies allow us to limit the number of times an ad is shown, and are used to track the effectiveness of our Facebook advertising campaigns.<\/li><\/ul>\n\n<p>As a reminder, the data obtained is restricted. It mainly concerns data on usage, preferences, equipment used, etc. Personal data such as the surname, first name of the user or the postal address of the connection may not be obtained under any circumstances.<\/p>\n\n<p><strong>What is the legal basis for the use of cookies?<\/strong><\/p>\n\n<p>In accordance with the French Data Protection Act, the user&#8217;s prior consent is required before any information is stored. This consent is given by accepting the message on the cookie banner that appears when the user first visits the site. On the banner, the user also has the choice to refuse them.<\/p>\n\n<p><strong>Change your cookie preferences<\/strong><\/p>\n\n<p>The user can deactivate cookies at any time in the browser settings, or by accessing the cookie banner again using the &#8220;Change my preferences&#8221; button below:<\/p>\n\n<p><code><a href=\"#\" class=\"cn-revoke-cookie cn-button-inline cn-revoke-inline\" title=\"Modifier mes pr\u00e9f\u00e9rences\">Modifier mes pr\u00e9f\u00e9rences<\/a><\/code><\/p>\n\n<p>The settings may affect your ability to access our services that require the use of cookies. If your browser is configured to refuse all cookies, you will not be able to take advantage of the essential functions of our site, as many cookies enable navigation to function. In order to manage cookies in the way that best suits you, we invite you to configure your browser taking into account the purpose of the cookies.<\/p>\n\n<p>For more information, visit the website of the CNIL : <a href=\"http:\/\/www.cnil.fr\/vos-droits\/vos-traces\/les-cookies\/\">http:\/\/www.cnil.fr\/vos-droits\/vos-traces\/les-cookies\/&#8221;&amp;gt<\/a>;<\/p>\n\n<p>Please follow this link to learn more about how to decline cookies provided by Facebook: https:\/\/www.facebook.com\/help\/568137493302217 \u00a0\u00a0<\/p>\n\n<h2 class=\"wp-block-heading\">ARTICLE 6 &#8211; AGE OF CONSENT<\/h2>\n\n<p>By using this site, you represent that you are at least the age of majority in your state or province of residence, and that you have given us your consent to allow any minor in your care to use this website.<\/p>\n\n<h2 class=\"wp-block-heading\">ARTICLE 7 &#8211; CHANGES TO THIS PRIVACY POLICY<\/h2>\n\n<p>We reserve the right to change this privacy policy at any time, so please check it frequently. Changes and clarifications will take effect immediately upon posting on the website. If we make any changes to the content of this policy, we will notify you here that it has been updated, so that you will know what information we collect, how we use it, and under what circumstances, if any, we disclose it.<\/p>\n\n<h2 class=\"wp-block-heading\">QUESTIONS AND CONTACT DETAILS<\/h2>\n\n<p>If you wish to access, correct, amend or delete any personal information we have about you, lodge a complaint, or if you simply wish to have more information, please contact Land of Memory at info@landofmemory.eu or by post at the F\u00e9d\u00e9ration du Tourisme de la Province de Li\u00e8ge, Place de la R\u00e9publique Fran\u00e7aise 1, Li\u00e8ge, Belgium\u00a0<\/p>\n","protected":false},"excerpt":{"rendered":"<p>In its capacity as manager of its activity, the tourist destination Land of Memory, managed by the Federation of Tourism of the Province of Liege, as coordinator for the Interreg V-A Grande R\u00e9gion project Land of Memory and its partners, is required to process personal data. You will find legal information about Land of Memory [&hellip;]<\/p>\n","protected":false},"author":1,"featured_media":0,"parent":0,"menu_order":0,"comment_status":"closed","ping_status":"closed","template":"page-courante.php","meta":{"_acf_changed":false,"footnotes":""},"class_list":["post-4738","page","type-page","status-publish","hentry"],"acf":[],"yoast_head":"<!-- This site is optimized with the Yoast SEO plugin v26.0 - https:\/\/yoast.com\/wordpress\/plugins\/seo\/ -->\n<title>Confidentiality policy - Land Of Memory<\/title>\n<meta name=\"robots\" content=\"index, follow, max-snippet:-1, max-image-preview:large, max-video-preview:-1\" \/>\n<link rel=\"canonical\" href=\"https:\/\/www.landofmemory.eu\/en\/en-politique-de-confidentialite\/\" \/>\n<meta property=\"og:locale\" content=\"en_US\" \/>\n<meta property=\"og:type\" content=\"article\" \/>\n<meta property=\"og:title\" content=\"Confidentiality policy - Land Of Memory\" \/>\n<meta property=\"og:description\" content=\"In its capacity as manager of its activity, the tourist destination Land of Memory, managed by the Federation of Tourism of the Province of Liege, as coordinator for the Interreg V-A Grande R\u00e9gion project Land of Memory and its partners, is required to process personal data. You will find legal information about Land of Memory [&hellip;]\" \/>\n<meta property=\"og:url\" content=\"https:\/\/www.landofmemory.eu\/en\/en-politique-de-confidentialite\/\" \/>\n<meta property=\"og:site_name\" content=\"Land Of Memory\" \/>\n<meta property=\"article:publisher\" content=\"https:\/\/www.facebook.com\/landofmemory.eu\" \/>\n<meta property=\"article:modified_time\" content=\"2022-01-14T15:35:42+00:00\" \/>\n<meta name=\"twitter:card\" content=\"summary_large_image\" \/>\n<meta name=\"twitter:label1\" content=\"Est. reading time\" \/>\n\t<meta name=\"twitter:data1\" content=\"6 minutes\" \/>\n<script type=\"application\/ld+json\" class=\"yoast-schema-graph\">{\"@context\":\"https:\/\/schema.org\",\"@graph\":[{\"@type\":\"WebPage\",\"@id\":\"https:\/\/www.landofmemory.eu\/en\/en-politique-de-confidentialite\/\",\"url\":\"https:\/\/www.landofmemory.eu\/en\/en-politique-de-confidentialite\/\",\"name\":\"Confidentiality policy - Land Of Memory\",\"isPartOf\":{\"@id\":\"https:\/\/www.landofmemory.eu\/#website\"},\"datePublished\":\"2021-10-17T07:21:53+00:00\",\"dateModified\":\"2022-01-14T15:35:42+00:00\",\"breadcrumb\":{\"@id\":\"https:\/\/www.landofmemory.eu\/en\/en-politique-de-confidentialite\/#breadcrumb\"},\"inLanguage\":\"en-US\",\"potentialAction\":[{\"@type\":\"ReadAction\",\"target\":[\"https:\/\/www.landofmemory.eu\/en\/en-politique-de-confidentialite\/\"]}]},{\"@type\":\"BreadcrumbList\",\"@id\":\"https:\/\/www.landofmemory.eu\/en\/en-politique-de-confidentialite\/#breadcrumb\",\"itemListElement\":[{\"@type\":\"ListItem\",\"position\":1,\"name\":\"Accueil\",\"item\":\"https:\/\/www.landofmemory.eu\/\"},{\"@type\":\"ListItem\",\"position\":2,\"name\":\"Confidentiality policy\"}]},{\"@type\":\"WebSite\",\"@id\":\"https:\/\/www.landofmemory.eu\/#website\",\"url\":\"https:\/\/www.landofmemory.eu\/\",\"name\":\"Land Of Memory\",\"description\":\"L&#039;histoire commence ici\",\"publisher\":{\"@id\":\"https:\/\/www.landofmemory.eu\/#organization\"},\"potentialAction\":[{\"@type\":\"SearchAction\",\"target\":{\"@type\":\"EntryPoint\",\"urlTemplate\":\"https:\/\/www.landofmemory.eu\/?s={search_term_string}\"},\"query-input\":{\"@type\":\"PropertyValueSpecification\",\"valueRequired\":true,\"valueName\":\"search_term_string\"}}],\"inLanguage\":\"en-US\"},{\"@type\":\"Organization\",\"@id\":\"https:\/\/www.landofmemory.eu\/#organization\",\"name\":\"Land Of Memory\",\"url\":\"https:\/\/www.landofmemory.eu\/\",\"logo\":{\"@type\":\"ImageObject\",\"inLanguage\":\"en-US\",\"@id\":\"https:\/\/www.landofmemory.eu\/#\/schema\/logo\/image\/\",\"url\":\"https:\/\/www.landofmemory.eu\/wp-content\/uploads\/2022\/10\/logo-land-of-memory.jpg\",\"contentUrl\":\"https:\/\/www.landofmemory.eu\/wp-content\/uploads\/2022\/10\/logo-land-of-memory.jpg\",\"width\":1000,\"height\":500,\"caption\":\"Land Of Memory\"},\"image\":{\"@id\":\"https:\/\/www.landofmemory.eu\/#\/schema\/logo\/image\/\"},\"sameAs\":[\"https:\/\/www.facebook.com\/landofmemory.eu\",\"https:\/\/www.instagram.com\/landofmemory_eu\/\"]}]}<\/script>\n<!-- \/ Yoast SEO plugin. -->","yoast_head_json":{"title":"Confidentiality policy - Land Of Memory","robots":{"index":"index","follow":"follow","max-snippet":"max-snippet:-1","max-image-preview":"max-image-preview:large","max-video-preview":"max-video-preview:-1"},"canonical":"https:\/\/www.landofmemory.eu\/en\/en-politique-de-confidentialite\/","og_locale":"en_US","og_type":"article","og_title":"Confidentiality policy - Land Of Memory","og_description":"In its capacity as manager of its activity, the tourist destination Land of Memory, managed by the Federation of Tourism of the Province of Liege, as coordinator for the Interreg V-A Grande R\u00e9gion project Land of Memory and its partners, is required to process personal data. You will find legal information about Land of Memory [&hellip;]","og_url":"https:\/\/www.landofmemory.eu\/en\/en-politique-de-confidentialite\/","og_site_name":"Land Of Memory","article_publisher":"https:\/\/www.facebook.com\/landofmemory.eu","article_modified_time":"2022-01-14T15:35:42+00:00","twitter_card":"summary_large_image","twitter_misc":{"Est. reading time":"6 minutes"},"schema":{"@context":"https:\/\/schema.org","@graph":[{"@type":"WebPage","@id":"https:\/\/www.landofmemory.eu\/en\/en-politique-de-confidentialite\/","url":"https:\/\/www.landofmemory.eu\/en\/en-politique-de-confidentialite\/","name":"Confidentiality policy - Land Of Memory","isPartOf":{"@id":"https:\/\/www.landofmemory.eu\/#website"},"datePublished":"2021-10-17T07:21:53+00:00","dateModified":"2022-01-14T15:35:42+00:00","breadcrumb":{"@id":"https:\/\/www.landofmemory.eu\/en\/en-politique-de-confidentialite\/#breadcrumb"},"inLanguage":"en-US","potentialAction":[{"@type":"ReadAction","target":["https:\/\/www.landofmemory.eu\/en\/en-politique-de-confidentialite\/"]}]},{"@type":"BreadcrumbList","@id":"https:\/\/www.landofmemory.eu\/en\/en-politique-de-confidentialite\/#breadcrumb","itemListElement":[{"@type":"ListItem","position":1,"name":"Accueil","item":"https:\/\/www.landofmemory.eu\/"},{"@type":"ListItem","position":2,"name":"Confidentiality policy"}]},{"@type":"WebSite","@id":"https:\/\/www.landofmemory.eu\/#website","url":"https:\/\/www.landofmemory.eu\/","name":"Land Of Memory","description":"L&#039;histoire commence ici","publisher":{"@id":"https:\/\/www.landofmemory.eu\/#organization"},"potentialAction":[{"@type":"SearchAction","target":{"@type":"EntryPoint","urlTemplate":"https:\/\/www.landofmemory.eu\/?s={search_term_string}"},"query-input":{"@type":"PropertyValueSpecification","valueRequired":true,"valueName":"search_term_string"}}],"inLanguage":"en-US"},{"@type":"Organization","@id":"https:\/\/www.landofmemory.eu\/#organization","name":"Land Of Memory","url":"https:\/\/www.landofmemory.eu\/","logo":{"@type":"ImageObject","inLanguage":"en-US","@id":"https:\/\/www.landofmemory.eu\/#\/schema\/logo\/image\/","url":"https:\/\/www.landofmemory.eu\/wp-content\/uploads\/2022\/10\/logo-land-of-memory.jpg","contentUrl":"https:\/\/www.landofmemory.eu\/wp-content\/uploads\/2022\/10\/logo-land-of-memory.jpg","width":1000,"height":500,"caption":"Land Of Memory"},"image":{"@id":"https:\/\/www.landofmemory.eu\/#\/schema\/logo\/image\/"},"sameAs":["https:\/\/www.facebook.com\/landofmemory.eu","https:\/\/www.instagram.com\/landofmemory_eu\/"]}]}},"_links":{"self":[{"href":"https:\/\/www.landofmemory.eu\/en\/wp-json\/wp\/v2\/pages\/4738","targetHints":{"allow":["GET"]}}],"collection":[{"href":"https:\/\/www.landofmemory.eu\/en\/wp-json\/wp\/v2\/pages"}],"about":[{"href":"https:\/\/www.landofmemory.eu\/en\/wp-json\/wp\/v2\/types\/page"}],"author":[{"embeddable":true,"href":"https:\/\/www.landofmemory.eu\/en\/wp-json\/wp\/v2\/users\/1"}],"replies":[{"embeddable":true,"href":"https:\/\/www.landofmemory.eu\/en\/wp-json\/wp\/v2\/comments?post=4738"}],"version-history":[{"count":4,"href":"https:\/\/www.landofmemory.eu\/en\/wp-json\/wp\/v2\/pages\/4738\/revisions"}],"predecessor-version":[{"id":7037,"href":"https:\/\/www.landofmemory.eu\/en\/wp-json\/wp\/v2\/pages\/4738\/revisions\/7037"}],"wp:attachment":[{"href":"https:\/\/www.landofmemory.eu\/en\/wp-json\/wp\/v2\/media?parent=4738"}],"curies":[{"name":"wp","href":"https:\/\/api.w.org\/{rel}","templated":true}]}}