{"id":4717,"date":"2021-10-17T09:14:35","date_gmt":"2021-10-17T07:14:35","guid":{"rendered":"https:\/\/www.landofmemory.eu\/nl-conditions-generales-dutilisation\/"},"modified":"2022-01-14T16:14:42","modified_gmt":"2022-01-14T15:14:42","slug":"nl-conditions-generales-dutilisation","status":"publish","type":"page","link":"https:\/\/www.landofmemory.eu\/nl\/nl-conditions-generales-dutilisation\/","title":{"rendered":"Voorwaarden voor gebruik"},"content":{"rendered":"\n<p>Land van Herinnering is een toeristische bestemming van herdenkingsplaatsen in vier Europese landen (Belgi\u00eb, Frankrijk, Groothertogdom Luxemburg, Duitsland). De F\u00e9d\u00e9ration du Tourisme de la Province de Li\u00e8ge is als co\u00f6rdinator van het project Interreg V-A Grande R\u00e9gion Land of Memory en haar partners de wettelijke verantwoordelijke voor de site <a href=\"https:\/\/landofmemory.eu\/\">https:\/\/landofmemory.eu\/<\/a>\u00a0en de diensten die de site aanbiedt.<\/p>\n\n<h2 class=\"wp-block-heading\"><strong>ARTICLE 1. OBJET<\/strong><\/h2>\n\n<p>Het doel van deze AGV is het vaststellen van de voorwaarden voor toegang tot en gebruik van de site en\/of diensten door de internetgebruiker. De toegang tot de site en de raadpleging van de informatie die hij bevat, impliceert dat de gebruiker zonder voorbehoud alle bepalingen aanvaardt die in deze AVV zijn vervat.<\/p>\n\n<p>De AVU die kunnen worden gewijzigd en de toepasselijke voorwaarden zijn die welke van kracht en toegankelijk zijn op de site op de datum van toegang tot de site door de internetgebruiker.<\/p>\n\n<h2 class=\"wp-block-heading\"><clauze gebruik=\"\" van=\"\" de=\"\" site=\"\" en=\"\" diensten=\"\"><\/clauze><\/h2>\n\n<p>In het algemeen verbindt de internetgebruiker zich ertoe om, in het kader van het gebruik van de site en\/of de diensten, :<\/p>\n\n<ul class=\"wp-block-list\"><li>toegang te verkrijgen tot of gebruik te maken van de Site en\/of de Services te goeder trouw, op redelijke wijze en niet in strijd met de voorwaarden van de TOS,<\/li><li>geen andere apparaten of software te gebruiken dan die welke door Land of Memory ter beschikking worden gesteld met de bedoeling (i) de goede werking van de site en\/of de diensten die erin zijn vervat, te be\u00efnvloeden of trachten te be\u00efnvloeden of (ii) de site of een deel ervan op te vragen, te wijzigen, te raadplegen, zelfs in buffergeheugen, tijdelijk of voor individueel gebruik,<\/li><li>zich geen toegang te verschaffen tot de site en\/of de door Land of Memory aangeboden diensten of deze niet te gebruiken voor onwettige doeleinden of met het oogmerk schade toe te brengen aan de reputatie en het imago van het bedrijf of, meer in het algemeen, inbreuk te maken op de rechten, met name de intellectuele eigendomsrechten, van Land of Memory en\/of van derden<\/li><li>ne pas exploiter, r\u00e9utiliser, reproduire ou repr\u00e9senter tout ou une partie du site et\/ou des services qu\u2019il contient, en particulier \u00e0 des fins directement ou indirectement commerciales, collectives et\/ou personnelles sous une forme ou un m\u00e9dia non autoris\u00e9 par Land of Memory,<\/li><li>geen directe of indirecte toegang tot de site en\/of diensten te verkopen,<\/li><li>de gehele of gedeeltelijke site niet te reproduceren of weer te geven voor priv\u00e9-doeleinden buiten de wettelijke uitzonderingen waarin is voorzien, met name in de wet op de intellectuele eigendom, of met het oog op directe of indirecte marketing, in het bijzonder bij derden,<\/li><li>de toegang tot en\/of het gebruik van de site en\/of de diensten niet te beperken,<\/li><li>geen enkele vermelding of element van de diensten en\/of inhoud van de site te wijzigen, ook niet in buffergeheugen of tijdelijk geheugen,<\/li><li>niet in strijd te handelen met de bepalingen van de artikelen 323-1 tot en met 323-7 van het Franse wetboek van strafrecht, die zogenoemde &#8220;hacking&#8221;-praktijken bestraffen,<\/li><li>zich niet in te laten met daden van welke aard ook, zoals het uitgeven, publiceren, uploaden of verspreiden van gegevens en\/of inhoud die in strijd zouden zijn met de wet, de openbare orde of de rechten van de onderneming of van derden,<\/li><li>de elektronische en\/of postale contactgegevens van andere internetgebruikers op de site niet te gebruiken en\/of te exploiteren met het oog op het verzenden van massa-e-mailverzoeken en zich niet bezig te houden met &#8220;spamming&#8221;-praktijken.<\/li><\/ul>\n\n<p>In geval van schending van een van deze verplichtingen, en zonder dat deze opsomming limitatief is, erkent en aanvaardt de internetgebruiker dat Land of Memory het recht heeft hem eenzijdig en zonder voorafgaande kennisgeving de toegang tot de site en\/of de diensten of een gedeelte ervan te weigeren.<\/p>\n\n<h2 class=\"wp-block-heading\"><clauze beschikbaarheid=\"\" van=\"\" de=\"\" site=\"\" en=\"\" diensten=\"\"><\/clauze><\/h2>\n\n<p>Land of Memory stelt alles in het werk om de site 24 uur per dag, 7 dagen per week beschikbaar en toegankelijk te maken, ongeacht onderhouds- of beveiligingswerkzaamheden, updates, technische verbeteringen of wijzigingen in inhoud en\/of presentatie.<\/p>\n\n<p>In dit opzicht is Land of Memory gebonden door een middelenverbintenis. Land of Memory behoudt zich evenwel het recht voor om, indien nodig, de weergave van de op de site gepresenteerde informatie en gegevens op elk moment, tijdelijk of definitief, geheel of gedeeltelijk te wijzigen of te onderbreken.\u00a0<\/p>\n\n<p>De internetgebruiker en de gebruiker kunnen op geen enkel ogenblik, om welke reden ook, Land of Memory aansprakelijk stellen voor \u00e9\u00e9n van de in dit artikel vermelde redenen.<\/p>\n\n<h2 class=\"wp-block-heading\">\u00a0<article aansprakelijkheid=\"\" overmacht=\"\"><\/article><\/h2>\n\n<h3 class=\"wp-block-heading\">.<\/h3>\n\n<p>Alle hardware en software die nodig is voor de toegang tot de site en\/of het gebruik van de diensten blijven de uitsluitende verantwoordelijkheid van de internetgebruiker. Het is de verantwoordelijkheid van de gebruiker om alle passende maatregelen te nemen om zijn\/haar eigen gegevens, computersystemen en\/of software te beschermen tegen besmetting door eventuele virussen.<\/p>\n\n<p>De internetgebruiker is als enige verantwoordelijk voor het gebruik dat hij maakt van de site en\/of de diensten waartoe hij zich toegang verschaft en voor de waarheidsgetrouwheid of juistheid van de gegevens en informatie die hij verstrekt.<\/p>\n\n<p>Land van Herinnering kan op geen enkele wijze aansprakelijk worden gesteld voor eventuele vervolging van een internetgebruiker die zich schuldig maakt aan oneigenlijk gebruik van de site en\/of de door haar aangeboden diensten.<\/p>\n\n<p>De internetgebruiker erkent en aanvaardt in dit verband dat hij persoonlijk aansprakelijk is voor elke vordering of procedure die tegen het Land van Geheugen wordt ingesteld als gevolg van zijn oneigenlijk gebruik van de diensten en\/of de site, of als gevolg van zijn gebruik, in het kader van het gebruik van de diensten, van gegevens waarvoor hij niet over de nodige rechten en\/of vergunningen beschikt.<\/p>\n\n<h3 class=\"wp-block-heading\"><strong>4.2 &#8211; Verantwoordelijkheid van het Land van Herinnering<\/strong><\/h3>\n\n<p>Het doel van de site is de internetgebruiker in staat te stellen zich op de hoogte te stellen van de diensten en producten die door Land of Memory worden verdeeld.<\/p>\n\n<p>De site kan hyperlinks bevatten naar websites van derden. Het plaatsen van hyperlinks op deze site naar andere bronnen op het internetnetwerk houdt geen bekrachtiging in van deze bronnen of van hun inhoud, en Land of Memory, uitgever van deze site, kan hiervoor niet aansprakelijk worden gesteld.\u00a0<\/p>\n\n<p>Voor elke hypertext-link naar deze site moet vooraf uitdrukkelijk toestemming worden verleend door Land of Memory, dat zich het recht voorbehoudt de link op elk moment te verwijderen.<\/p>\n\n<p>Gezien de vluchtige aard van de inhoud die kan worden verspreid, kan Land of Memory in dit verband niet aansprakelijk worden gesteld indien de inhoud van deze websites van derden in strijd is met de geldende wettelijke en\/of reglementaire bepalingen.<\/p>\n\n<p>In ieder geval kan Land of Memory niet aansprakelijk worden gesteld:<\/p>\n\n<ul class=\"wp-block-list\"><li>in geval van onbeschikbaarheid van de site en\/of diensten om redenen zoals het uitvallen van het openbare elektriciteitsnet, het uitvallen van de kabeltelecommunicatienetwerken, het verlies van connectiviteit met het internetnetwerk door toedoen van openbare of particuliere exploitanten, met name de internetgebruiker,<\/li><li>in geval van gebruik van de site en\/of diensten door een internetgebruiker onder voorwaarden die niet in overeenstemming zijn met de voorwaarden van deze AV,<\/li><li>voor zover toegestaan door de toepasselijke wetgeving, voor enige indirecte schade, met inbegrip van maar niet beperkt tot winstderving, verlies van zaken, verlies van gegevens of enig ander verlies van immateri\u00eble eigendom, zelfs indien Land of Memory op de hoogte is gebracht van de mogelijkheid van dergelijke schade, die kan ontstaan (i) uit het gebruik van, of het onvermogen tot gebruik van, de diensten of (ii) als gevolg van toegang tot de diensten door een onbevoegde internetgebruiker<\/li><\/ul>\n\n<p>Land of Memory kan niet aansprakelijk worden gesteld voor eventuele storingen van welke aard dan ook die verband houden met de computerapparatuur of de internettoegangsverbinding van de internetgebruiker bij de toegang tot de site en meer in het algemeen de diensten.<\/p>\n\n<h3 class=\"wp-block-heading\"><strong>4.3 &#8211; Overmacht<\/strong><\/h3>\n\n<p>Het Land van Herinnering is niet aansprakelijk indien de uitvoering van \u00e9\u00e9n van zijn verplichtingen verhinderd of vertraagd wordt door overmacht in de zin van artikel 1218 van het Franse Burgerlijk Wetboek, met inbegrip van natuurrampen, brand, storingen of onderbrekingen in de telecommunicatie- of elektriciteitsnetwerken.<\/p>\n\n<h2 class=\"wp-block-heading\"><strong>ARTICLE 6 COOKIES, VERBINDINGSWETENSCHAPPEN<\/strong><\/h2>\n\n<p>Om de internetgebruiker beter van dienst te kunnen zijn, stelt Land of Memory statistieken op over het aantal bezoeken aan zijn site. Daartoe maakt het gebruik van cookietechnologie. Een cookie is een blok gegevens waarmee de gebruiker niet kan worden ge\u00efdentificeerd, maar dat wordt gebruikt om informatie op te slaan over het surfen van de gebruiker op de site.<\/p>\n\n<p>Ook slaan cookies bij het bezoeken van de <a href=\"https:\/\/landofmemory.eu\/\">https:\/\/landofmemory.eu\/<\/a> tijdelijk informatie op in het geheugen of op de harde schijf van de internetgebruiker tijdens het navigeren op de site.<\/p>\n\n<p><em>Zie ons cookiebeleid, direct toegankelijk op de site.<\/em><\/p>\n\n<p>De internetgebruiker kan cookies weigeren door de procedure te volgen die beschreven staat op het volgende adres: <a href=\"http:\/\/www.cnil.fr\/fr\/cookies-les-outils-pour-les-maitriser\">www.cnil.fr\/fr\/cookies-les-outils-pour-les-maitriser<\/a>.<\/p>\n\n<p>Voor verduidelijking of informatie betreffende deze disclaimer kan de internetgebruiker contact opnemen met Land of Memory op het volgende e-mailadres: info@landofmemory.eu met een nauwkeurig verzoek. Binnen acht dagen zal een antwoord worden verstrekt.<\/p>\n\n<h2 class=\"wp-block-heading\"><strong>KLAAR OF ONTKENNING<\/strong><\/h2>\n\n<p>Voor elke klacht of betwisting kan de internetgebruiker of gebruiker rechtstreeks contact opnemen met Land of Memory via e-mail op info@landofmemory.eu met een precieze omschrijving van zijn verzoek, of kan hij Land of Memory telefonisch contacteren op info@landofmemory.eu.<\/p>\n\n<p>Land van Herinnering is toegewijd aan:<\/p>\n\n<ul class=\"wp-block-list\"><li>de ontvangst van de klacht of het meningsverschil binnen een termijn van maximaal 8 werkdagen na ontvangst per e-mail te bevestigen,<\/li><li>een (positief of negatief) antwoord te geven binnen maximaal twee maanden na ontvangst.<\/li><\/ul>\n\n<h2 class=\"wp-block-heading\"><strong>ARTIKEL 8. INTELLECTUEEL EIGENDOM<\/strong><\/h2>\n\n<p>Land of Memory is de eigenaar van alle intellectuele eigendomsrechten van de site, evenals van alle industri\u00eble eigendomsrechten van de elementen die hij bevat (logo&#8217;s, merken, enz.). Bijgevolg is, overeenkomstig de bepalingen van het Wetboek van Intellectuele Eigendom, elke weergave, reproductie, wijziging, vervorming en\/of exploitatie van de site, zijn inhoud en\/of diensten, geheel of gedeeltelijk, door welk proc\u00e9d\u00e9 en op welke drager ook, zonder de uitdrukkelijke voorafgaande toestemming van het Land van het Geheugen, verboden en vormt een inbreuk op het auteursrecht.<\/p>\n\n<p>Evenzo zal elk ongeoorloofd gebruik van de site, de inhoud ervan en\/of de diensten de internetgebruiker strafrechtelijk en burgerrechtelijk aansprakelijk stellen op grond van een inbreuk op het auteursrecht.<\/p>\n\n<p>Land of Memory maakt de site en de diensten bekend om er toegang toe te kunnen krijgen op het internet, en wel (i) vanaf een computer of gelijkwaardige terminal met toegang tot een of meer telecommunicatienetwerken die toegang bieden tot het internet, en surfsoftware voor het internet (zoals Internet Explorer, Mozilla Firefox, enz.), (ii) vanaf een telefoonterminal met toegang tot een telecommunicatienetwerk dat toegang biedt tot het internet (3\/4G-verbinding, Edge, enz.).<\/p>\n\n<p>Elk ander gebruik van de site en\/of de diensten wordt geacht voorbehouden te zijn aan Land of Memory en vormt een inbreuk op haar recht op openbaarmaking van de site en\/of de diensten.<\/p>\n\n<p>De merken, logo&#8217;s, handelsnamen, acroniemen, commerci\u00eble benamingen, tekens en\/of domeinnamen van Land of Memory en\/of van haar commerci\u00eble partners die op de site worden vermeld en die toegang verlenen tot de diensten die door Land of Memory ter beschikking worden gesteld, vormen onderscheidingstekens die niet mogen worden gebruikt zonder de uitdrukkelijke en voorafgaande toestemming van Land of Memory of van elke derde houder van alle of een deel van de intellectuele en industri\u00eble eigendomsrechten die op de voormelde elementen rusten.<\/p>\n\n<p>Elke weergave, reproductie en\/of gedeeltelijke of volledige exploitatie van deze onderscheidende tekens is bijgevolg verboden en vormt een inbreuk op het merk, in toepassing van de bepalingen van het Wetboek van Intellectuele Eigendom, en een wederrechtelijk gebruik van een firmanaam, merk en domeinnaam, waarvoor de auteur burgerlijk aansprakelijk kan worden gesteld.<\/p>\n\n<p>De internetgebruiker erkent en aanvaardt dat de toegang tot de site en\/of de diensten die door Land of Memory ter beschikking worden gesteld, geen enkele overdracht of concessie van intellectuele eigendomsrechten inhoudt. De internetgebruiker erkent dat de techniek van het integreren van een of meer links in de site, zonder toestemming van Land of Memory, met de bedoeling een andere internetgebruiker toegang te verschaffen tot een website die niet aan Land of Memory toebehoort, de techniek van &#8220;framing&#8221; genoemd, verboden is.<\/p>\n\n<h2 class=\"wp-block-heading\"><strong>ARTIKEL 9. BESCHERMING VAN PERSOONSGEGEVENS EN COOKIES<\/strong><\/h2>\n\n<p>Voor informatie over de bescherming van persoonsgegevens en het gebruik van cookies door Land of Memory kan de internetgebruiker het <a href=\"https:\/\/www.landofmemory.eu\/nl\/privacybeleid\/\">privacybeleid<\/a> (Algemene Verordening Gegevensbescherming) en het cookiebeleid raadplegen, die rechtstreeks op de site toegankelijk zijn.<\/p>\n\n<h2 class=\"wp-block-heading\">\u00a0<strong>ARTIKEL 10. DUUR VAN DE DIENSTEN<\/strong><\/h2>\n\n<p>Het recht van de gebruiker op toegang tot en gebruik van de diensten wordt ingetrokken en zijn toegangscodes worden gedeactiveerd in de volgende gevallen<\/p>\n\n<ul class=\"wp-block-list\"><li>het niet nakomen van zijn verplichtingen uit hoofde van deze AVU of een handelen of nalaten dat van invloed is of kan zijn op de goede werking en\/of de veiligheid van de site of, meer in het algemeen, in strijd is met de wet, de openbare orde of de goede zeden, op de datum waarop deze tekortkomingen, handelingen of nalatigheden worden geconstateerd.<\/li><\/ul>\n\n<h2 class=\"wp-block-heading\">\u00a0<strong>ARTIKEL 11. DIVISIBILITEIT<\/strong><\/h2>\n\n<p>In het geval dat een bepaling van deze GBV nietig of onuitvoerbaar wordt verklaard om welke reden of door welke jurisdictie of autoriteit dan ook, zelfs bij een definitieve en bindende beslissing, zal een dergelijke nietigheid de geldigheid van enige andere bepaling niet be\u00efnvloeden.<\/p>\n\n<p>Deze laatste blijven van kracht en worden toegepast alsof de AV\/CS zonder de ongeldig verklaarde clausule was gesloten, niettegenstaande enerzijds de eventuele contractuele ondeelbaarheid tussen de ongeldig verklaarde clausule(s) en de andere clausules en anderzijds de eventuele bepaling van de beslissende aard van de ongeldig verklaarde clausule.<\/p>\n\n<h2 class=\"wp-block-heading\"><strong>ARTIKEL 12. GESCHILLEN<\/strong><\/h2>\n\n<p>De AV worden beheerst door het Belgisch recht.<\/p>\n\n<p>De internetgebruiker en het Land van Herinnering verbinden zich ertoe alles in het werk te stellen om elk geschil dat zou kunnen voortvloeien uit de uitvoering van de AV en meer in het algemeen uit het gebruik van de site of de diensten, in der minne te regelen.<\/p>\n\n<p>Bij gebrek aan een minnelijke schikking binnen dertig (30) dagen na de kennisgeving per aangetekende brief (aan Land of Memory, Place de la R\u00e9publique Fran\u00e7aise 1, Luik, Belgi\u00eb) door een van de partijen van de noodzaak om een dergelijke schikking na te streven, zal elk geschil tussen de internetgebruiker en Land of Memory met betrekking tot de geldigheid, de sluiting, de interpretatie of de uitvoering van de AV worden voorgelegd aan de bevoegde rechtbank, afhankelijk van de aard van het geschil.\u00a0<\/p>\n","protected":false},"excerpt":{"rendered":"<p>Land van Herinnering is een toeristische bestemming van herdenkingsplaatsen in vier Europese landen (Belgi\u00eb, Frankrijk, Groothertogdom Luxemburg, Duitsland). De F\u00e9d\u00e9ration du Tourisme de la Province de Li\u00e8ge is als co\u00f6rdinator van het project Interreg V-A Grande R\u00e9gion Land of Memory en haar partners de wettelijke verantwoordelijke voor de site https:\/\/landofmemory.eu\/\u00a0en de diensten die de site [&hellip;]<\/p>\n","protected":false},"author":1,"featured_media":0,"parent":0,"menu_order":0,"comment_status":"closed","ping_status":"closed","template":"page-courante.php","meta":{"_acf_changed":false,"footnotes":""},"class_list":["post-4717","page","type-page","status-publish","hentry"],"acf":[],"yoast_head":"<!-- This site is optimized with the Yoast SEO plugin v26.0 - https:\/\/yoast.com\/wordpress\/plugins\/seo\/ -->\n<title>Voorwaarden voor gebruik - Land Of Memory<\/title>\n<meta name=\"robots\" content=\"index, follow, max-snippet:-1, max-image-preview:large, max-video-preview:-1\" \/>\n<link rel=\"canonical\" href=\"https:\/\/www.landofmemory.eu\/nl\/nl-conditions-generales-dutilisation\/\" \/>\n<meta property=\"og:locale\" content=\"nl_NL\" \/>\n<meta property=\"og:type\" content=\"article\" \/>\n<meta property=\"og:title\" content=\"Voorwaarden voor gebruik - Land Of Memory\" \/>\n<meta property=\"og:description\" content=\"Land van Herinnering is een toeristische bestemming van herdenkingsplaatsen in vier Europese landen (Belgi\u00eb, Frankrijk, Groothertogdom Luxemburg, Duitsland). De F\u00e9d\u00e9ration du Tourisme de la Province de Li\u00e8ge is als co\u00f6rdinator van het project Interreg V-A Grande R\u00e9gion Land of Memory en haar partners de wettelijke verantwoordelijke voor de site https:\/\/landofmemory.eu\/\u00a0en de diensten die de site [&hellip;]\" \/>\n<meta property=\"og:url\" content=\"https:\/\/www.landofmemory.eu\/nl\/nl-conditions-generales-dutilisation\/\" \/>\n<meta property=\"og:site_name\" content=\"Land Of Memory\" \/>\n<meta property=\"article:publisher\" content=\"https:\/\/www.facebook.com\/landofmemory.eu\" \/>\n<meta property=\"article:modified_time\" content=\"2022-01-14T15:14:42+00:00\" \/>\n<meta name=\"twitter:card\" content=\"summary_large_image\" \/>\n<meta name=\"twitter:label1\" content=\"Geschatte leestijd\" \/>\n\t<meta name=\"twitter:data1\" content=\"12 minuten\" \/>\n<script type=\"application\/ld+json\" class=\"yoast-schema-graph\">{\"@context\":\"https:\/\/schema.org\",\"@graph\":[{\"@type\":\"WebPage\",\"@id\":\"https:\/\/www.landofmemory.eu\/nl\/nl-conditions-generales-dutilisation\/\",\"url\":\"https:\/\/www.landofmemory.eu\/nl\/nl-conditions-generales-dutilisation\/\",\"name\":\"Voorwaarden voor gebruik - Land Of Memory\",\"isPartOf\":{\"@id\":\"https:\/\/www.landofmemory.eu\/#website\"},\"datePublished\":\"2021-10-17T07:14:35+00:00\",\"dateModified\":\"2022-01-14T15:14:42+00:00\",\"breadcrumb\":{\"@id\":\"https:\/\/www.landofmemory.eu\/nl\/nl-conditions-generales-dutilisation\/#breadcrumb\"},\"inLanguage\":\"nl-NL\",\"potentialAction\":[{\"@type\":\"ReadAction\",\"target\":[\"https:\/\/www.landofmemory.eu\/nl\/nl-conditions-generales-dutilisation\/\"]}]},{\"@type\":\"BreadcrumbList\",\"@id\":\"https:\/\/www.landofmemory.eu\/nl\/nl-conditions-generales-dutilisation\/#breadcrumb\",\"itemListElement\":[{\"@type\":\"ListItem\",\"position\":1,\"name\":\"Accueil\",\"item\":\"https:\/\/www.landofmemory.eu\/\"},{\"@type\":\"ListItem\",\"position\":2,\"name\":\"Voorwaarden voor gebruik\"}]},{\"@type\":\"WebSite\",\"@id\":\"https:\/\/www.landofmemory.eu\/#website\",\"url\":\"https:\/\/www.landofmemory.eu\/\",\"name\":\"Land Of Memory\",\"description\":\"L&#039;histoire commence ici\",\"publisher\":{\"@id\":\"https:\/\/www.landofmemory.eu\/#organization\"},\"potentialAction\":[{\"@type\":\"SearchAction\",\"target\":{\"@type\":\"EntryPoint\",\"urlTemplate\":\"https:\/\/www.landofmemory.eu\/?s={search_term_string}\"},\"query-input\":{\"@type\":\"PropertyValueSpecification\",\"valueRequired\":true,\"valueName\":\"search_term_string\"}}],\"inLanguage\":\"nl-NL\"},{\"@type\":\"Organization\",\"@id\":\"https:\/\/www.landofmemory.eu\/#organization\",\"name\":\"Land Of Memory\",\"url\":\"https:\/\/www.landofmemory.eu\/\",\"logo\":{\"@type\":\"ImageObject\",\"inLanguage\":\"nl-NL\",\"@id\":\"https:\/\/www.landofmemory.eu\/#\/schema\/logo\/image\/\",\"url\":\"https:\/\/www.landofmemory.eu\/wp-content\/uploads\/2022\/10\/logo-land-of-memory.jpg\",\"contentUrl\":\"https:\/\/www.landofmemory.eu\/wp-content\/uploads\/2022\/10\/logo-land-of-memory.jpg\",\"width\":1000,\"height\":500,\"caption\":\"Land Of Memory\"},\"image\":{\"@id\":\"https:\/\/www.landofmemory.eu\/#\/schema\/logo\/image\/\"},\"sameAs\":[\"https:\/\/www.facebook.com\/landofmemory.eu\",\"https:\/\/www.instagram.com\/landofmemory_eu\/\"]}]}<\/script>\n<!-- \/ Yoast SEO plugin. -->","yoast_head_json":{"title":"Voorwaarden voor gebruik - Land Of Memory","robots":{"index":"index","follow":"follow","max-snippet":"max-snippet:-1","max-image-preview":"max-image-preview:large","max-video-preview":"max-video-preview:-1"},"canonical":"https:\/\/www.landofmemory.eu\/nl\/nl-conditions-generales-dutilisation\/","og_locale":"nl_NL","og_type":"article","og_title":"Voorwaarden voor gebruik - Land Of Memory","og_description":"Land van Herinnering is een toeristische bestemming van herdenkingsplaatsen in vier Europese landen (Belgi\u00eb, Frankrijk, Groothertogdom Luxemburg, Duitsland). De F\u00e9d\u00e9ration du Tourisme de la Province de Li\u00e8ge is als co\u00f6rdinator van het project Interreg V-A Grande R\u00e9gion Land of Memory en haar partners de wettelijke verantwoordelijke voor de site https:\/\/landofmemory.eu\/\u00a0en de diensten die de site [&hellip;]","og_url":"https:\/\/www.landofmemory.eu\/nl\/nl-conditions-generales-dutilisation\/","og_site_name":"Land Of Memory","article_publisher":"https:\/\/www.facebook.com\/landofmemory.eu","article_modified_time":"2022-01-14T15:14:42+00:00","twitter_card":"summary_large_image","twitter_misc":{"Geschatte leestijd":"12 minuten"},"schema":{"@context":"https:\/\/schema.org","@graph":[{"@type":"WebPage","@id":"https:\/\/www.landofmemory.eu\/nl\/nl-conditions-generales-dutilisation\/","url":"https:\/\/www.landofmemory.eu\/nl\/nl-conditions-generales-dutilisation\/","name":"Voorwaarden voor gebruik - Land Of Memory","isPartOf":{"@id":"https:\/\/www.landofmemory.eu\/#website"},"datePublished":"2021-10-17T07:14:35+00:00","dateModified":"2022-01-14T15:14:42+00:00","breadcrumb":{"@id":"https:\/\/www.landofmemory.eu\/nl\/nl-conditions-generales-dutilisation\/#breadcrumb"},"inLanguage":"nl-NL","potentialAction":[{"@type":"ReadAction","target":["https:\/\/www.landofmemory.eu\/nl\/nl-conditions-generales-dutilisation\/"]}]},{"@type":"BreadcrumbList","@id":"https:\/\/www.landofmemory.eu\/nl\/nl-conditions-generales-dutilisation\/#breadcrumb","itemListElement":[{"@type":"ListItem","position":1,"name":"Accueil","item":"https:\/\/www.landofmemory.eu\/"},{"@type":"ListItem","position":2,"name":"Voorwaarden voor gebruik"}]},{"@type":"WebSite","@id":"https:\/\/www.landofmemory.eu\/#website","url":"https:\/\/www.landofmemory.eu\/","name":"Land Of Memory","description":"L&#039;histoire commence ici","publisher":{"@id":"https:\/\/www.landofmemory.eu\/#organization"},"potentialAction":[{"@type":"SearchAction","target":{"@type":"EntryPoint","urlTemplate":"https:\/\/www.landofmemory.eu\/?s={search_term_string}"},"query-input":{"@type":"PropertyValueSpecification","valueRequired":true,"valueName":"search_term_string"}}],"inLanguage":"nl-NL"},{"@type":"Organization","@id":"https:\/\/www.landofmemory.eu\/#organization","name":"Land Of Memory","url":"https:\/\/www.landofmemory.eu\/","logo":{"@type":"ImageObject","inLanguage":"nl-NL","@id":"https:\/\/www.landofmemory.eu\/#\/schema\/logo\/image\/","url":"https:\/\/www.landofmemory.eu\/wp-content\/uploads\/2022\/10\/logo-land-of-memory.jpg","contentUrl":"https:\/\/www.landofmemory.eu\/wp-content\/uploads\/2022\/10\/logo-land-of-memory.jpg","width":1000,"height":500,"caption":"Land Of Memory"},"image":{"@id":"https:\/\/www.landofmemory.eu\/#\/schema\/logo\/image\/"},"sameAs":["https:\/\/www.facebook.com\/landofmemory.eu","https:\/\/www.instagram.com\/landofmemory_eu\/"]}]}},"_links":{"self":[{"href":"https:\/\/www.landofmemory.eu\/nl\/wp-json\/wp\/v2\/pages\/4717","targetHints":{"allow":["GET"]}}],"collection":[{"href":"https:\/\/www.landofmemory.eu\/nl\/wp-json\/wp\/v2\/pages"}],"about":[{"href":"https:\/\/www.landofmemory.eu\/nl\/wp-json\/wp\/v2\/types\/page"}],"author":[{"embeddable":true,"href":"https:\/\/www.landofmemory.eu\/nl\/wp-json\/wp\/v2\/users\/1"}],"replies":[{"embeddable":true,"href":"https:\/\/www.landofmemory.eu\/nl\/wp-json\/wp\/v2\/comments?post=4717"}],"version-history":[{"count":4,"href":"https:\/\/www.landofmemory.eu\/nl\/wp-json\/wp\/v2\/pages\/4717\/revisions"}],"predecessor-version":[{"id":7033,"href":"https:\/\/www.landofmemory.eu\/nl\/wp-json\/wp\/v2\/pages\/4717\/revisions\/7033"}],"wp:attachment":[{"href":"https:\/\/www.landofmemory.eu\/nl\/wp-json\/wp\/v2\/media?parent=4717"}],"curies":[{"name":"wp","href":"https:\/\/api.w.org\/{rel}","templated":true}]}}